{"id":5474,"date":"2022-11-03T11:39:57","date_gmt":"2022-11-03T10:39:57","guid":{"rendered":"http:\/\/proteinsecta.com\/?post_type=product&#038;p=5474"},"modified":"2024-03-05T15:38:46","modified_gmt":"2024-03-05T14:38:46","slug":"videocurso-tecnico-especialista-granja-de-insectos-tenebrio-molitor-fase-3-la-extraccion-de-huevos-y-la-fase-larvaria","status":"publish","type":"product","link":"https:\/\/www.proteinsecta.com\/en\/product\/videocurso-tecnico-especialista-granja-de-insectos-tenebrio-molitor-fase-3-la-extraccion-de-huevos-y-la-fase-larvaria\/","title":{"rendered":"Tenebrio molitor \u2013 Fase 3: La Extracci\u00f3n de Huevos y la Fase Larvaria. T\u00e9cnico Especialista Granja de Insectos."},"content":{"rendered":"","protected":false},"excerpt":{"rendered":"<h2>Acquire your complete course<\/h2>\n<ul>\n<li><strong><a href=\"https:\/\/www.proteinsecta.com\/en\/tienda\/video-consultoria\/videocurso-tecnico-especialista-granja-de-insectos-tenebrio-molitor\/\" target=\"_blank\" rel=\"noopener\">Video course: Insect Farm Specialist Technician. tenebrio molitor <\/a>\u00a0\u2013 149\u20ac<\/strong><\/li>\n<\/ul>\n<h3>Or you can also purchase the different parts of the Course separately:<\/h3>\n<ul>\n<li><strong><a href=\"https:\/\/www.proteinsecta.com\/en\/tienda\/video-consultoria\/videocurso-tecnico-especialista-granja-de-insectos-tenebrio-molitor-fase-1-de-larva-a-pupa\/\" target=\"_blank\" rel=\"noopener\">Videocurso: T\u00e9cnico Especialista Granja de Insectos. Tenebrio molitor &#8211; Fase 1: De Larva a Pupa<\/a> &#8211; 60\u20ac<\/strong><\/li>\n<li><strong><a href=\"https:\/\/www.proteinsecta.com\/en\/tienda\/video-consultoria\/videocurso-tecnico-especialista-granja-de-insectos-tenebrio-molitor-fase-2-de-pupa-a-escarabajo\/\" target=\"_blank\" rel=\"noopener\">Videocurso: T\u00e9cnico Especialista Granja de Insectos. Tenebrio molitor \u2013 Fase 2: De Pupa a Escarabajo<\/a> &#8211; 40\u20ac<\/strong><\/li>\n<li><strong><a href=\"https:\/\/www.proteinsecta.com\/en\/tienda\/video-consultoria\/videocurso-tecnico-especialista-granja-de-insectos-tenebrio-molitor-fase-4-sacrificio-y-transformacion\/\" target=\"_blank\" rel=\"noopener\">Videocurso: T\u00e9cnico Especialista Granja de Insectos. Tenebrio molitor \u2013 Fase 4: Sacrificio y Transformaci\u00f3n<\/a> &#8211; 20\u20ac<\/strong><\/li>\n<\/ul>","protected":false},"featured_media":5483,"template":"","meta":{"_acf_changed":false,"inline_featured_image":false},"product_cat":[29],"product_tag":[],"class_list":{"0":"post-5474","1":"product","2":"type-product","3":"status-publish","4":"has-post-thumbnail","6":"product_cat-consultorias","8":"first","9":"instock","10":"shipping-taxable","11":"purchasable","12":"product-type-simple"},"acf":[],"yoast_head":"<!-- This site is optimized with the Yoast SEO plugin v23.6 - https:\/\/yoast.com\/wordpress\/plugins\/seo\/ -->\n<title>Tenebrio molitor \u2013 Fase 3: La Extracci\u00f3n de Huevos y la Fase Larvaria. T\u00e9cnico Especialista Granja de Insectos. - Proteinsecta<\/title>\n<meta name=\"robots\" content=\"index, follow, max-snippet:-1, max-image-preview:large, max-video-preview:-1\" \/>\n<link rel=\"canonical\" href=\"https:\/\/www.proteinsecta.com\/en\/product\/videocurso-tecnico-especialista-granja-de-insectos-tenebrio-molitor-fase-3-la-extraccion-de-huevos-y-la-fase-larvaria\/\" \/>\n<meta property=\"og:locale\" content=\"en_US\" \/>\n<meta property=\"og:type\" content=\"article\" \/>\n<meta property=\"og:title\" content=\"Tenebrio molitor \u2013 Fase 3: La Extracci\u00f3n de Huevos y la Fase Larvaria. T\u00e9cnico Especialista Granja de Insectos. - Proteinsecta\" \/>\n<meta property=\"og:description\" content=\"Adquiere tu curso completo   Videocurso: T\u00e9cnico Especialista Granja de Insectos. Tenebrio molitor \u00a0\u2013 149\u20ac  O tambi\u00e9n puedes adquirir por separado las diferentes partes del Curso:   Videocurso: T\u00e9cnico Especialista Granja de Insectos. Tenebrio molitor - Fase 1: De Larva a Pupa - 60\u20ac  Videocurso: T\u00e9cnico Especialista Granja de Insectos. Tenebrio molitor \u2013 Fase 2: De Pupa a Escarabajo - 40\u20ac  Videocurso: T\u00e9cnico Especialista Granja de Insectos. Tenebrio molitor \u2013 Fase 4: Sacrificio y Transformaci\u00f3n - 20\u20ac\" \/>\n<meta property=\"og:url\" content=\"https:\/\/www.proteinsecta.com\/en\/product\/videocurso-tecnico-especialista-granja-de-insectos-tenebrio-molitor-fase-3-la-extraccion-de-huevos-y-la-fase-larvaria\/\" \/>\n<meta property=\"og:site_name\" content=\"Proteinsecta\" \/>\n<meta property=\"article:publisher\" content=\"https:\/\/es-es.facebook.com\/proteinsecta\/\" \/>\n<meta property=\"article:modified_time\" content=\"2024-03-05T14:38:46+00:00\" \/>\n<meta property=\"og:image\" content=\"https:\/\/www.proteinsecta.com\/wp-content\/uploads\/2023\/08\/Tenebrio-Molitor-Parte-3.jpg\" \/>\n\t<meta property=\"og:image:width\" content=\"1920\" \/>\n\t<meta property=\"og:image:height\" content=\"1080\" \/>\n\t<meta property=\"og:image:type\" content=\"image\/jpeg\" \/>\n<meta name=\"twitter:card\" content=\"summary_large_image\" \/>\n<meta name=\"twitter:label1\" content=\"Est. reading time\" \/>\n\t<meta name=\"twitter:data1\" content=\"1 minute\" \/>\n<script type=\"application\/ld+json\" class=\"yoast-schema-graph\">{\"@context\":\"https:\/\/schema.org\",\"@graph\":[{\"@type\":\"WebPage\",\"@id\":\"https:\/\/www.proteinsecta.com\/en\/product\/videocurso-tecnico-especialista-granja-de-insectos-tenebrio-molitor-fase-3-la-extraccion-de-huevos-y-la-fase-larvaria\/\",\"url\":\"https:\/\/www.proteinsecta.com\/en\/product\/videocurso-tecnico-especialista-granja-de-insectos-tenebrio-molitor-fase-3-la-extraccion-de-huevos-y-la-fase-larvaria\/\",\"name\":\"Tenebrio molitor \u2013 Fase 3: La Extracci\u00f3n de Huevos y la Fase Larvaria. T\u00e9cnico Especialista Granja de Insectos. - Proteinsecta\",\"isPartOf\":{\"@id\":\"https:\/\/www.proteinsecta.com\/#website\"},\"primaryImageOfPage\":{\"@id\":\"https:\/\/www.proteinsecta.com\/en\/product\/videocurso-tecnico-especialista-granja-de-insectos-tenebrio-molitor-fase-3-la-extraccion-de-huevos-y-la-fase-larvaria\/#primaryimage\"},\"image\":{\"@id\":\"https:\/\/www.proteinsecta.com\/en\/product\/videocurso-tecnico-especialista-granja-de-insectos-tenebrio-molitor-fase-3-la-extraccion-de-huevos-y-la-fase-larvaria\/#primaryimage\"},\"thumbnailUrl\":\"https:\/\/www.proteinsecta.com\/wp-content\/uploads\/2023\/08\/Tenebrio-Molitor-Parte-3.jpg\",\"datePublished\":\"2022-11-03T10:39:57+00:00\",\"dateModified\":\"2024-03-05T14:38:46+00:00\",\"breadcrumb\":{\"@id\":\"https:\/\/www.proteinsecta.com\/en\/product\/videocurso-tecnico-especialista-granja-de-insectos-tenebrio-molitor-fase-3-la-extraccion-de-huevos-y-la-fase-larvaria\/#breadcrumb\"},\"inLanguage\":\"en-US\",\"potentialAction\":[{\"@type\":\"ReadAction\",\"target\":[\"https:\/\/www.proteinsecta.com\/en\/product\/videocurso-tecnico-especialista-granja-de-insectos-tenebrio-molitor-fase-3-la-extraccion-de-huevos-y-la-fase-larvaria\/\"]}]},{\"@type\":\"ImageObject\",\"inLanguage\":\"en-US\",\"@id\":\"https:\/\/www.proteinsecta.com\/en\/product\/videocurso-tecnico-especialista-granja-de-insectos-tenebrio-molitor-fase-3-la-extraccion-de-huevos-y-la-fase-larvaria\/#primaryimage\",\"url\":\"https:\/\/www.proteinsecta.com\/wp-content\/uploads\/2023\/08\/Tenebrio-Molitor-Parte-3.jpg\",\"contentUrl\":\"https:\/\/www.proteinsecta.com\/wp-content\/uploads\/2023\/08\/Tenebrio-Molitor-Parte-3.jpg\",\"width\":1920,\"height\":1080},{\"@type\":\"BreadcrumbList\",\"@id\":\"https:\/\/www.proteinsecta.com\/en\/product\/videocurso-tecnico-especialista-granja-de-insectos-tenebrio-molitor-fase-3-la-extraccion-de-huevos-y-la-fase-larvaria\/#breadcrumb\",\"itemListElement\":[{\"@type\":\"ListItem\",\"position\":1,\"name\":\"Portada\",\"item\":\"https:\/\/www.proteinsecta.com\/\"},{\"@type\":\"ListItem\",\"position\":2,\"name\":\"Productos\",\"item\":\"https:\/\/www.proteinsecta.com\/shop\/\"},{\"@type\":\"ListItem\",\"position\":3,\"name\":\"Tenebrio molitor \u2013 Fase 3: La Extracci\u00f3n de Huevos y la Fase Larvaria. T\u00e9cnico Especialista Granja de Insectos.\"}]},{\"@type\":\"WebSite\",\"@id\":\"https:\/\/www.proteinsecta.com\/#website\",\"url\":\"https:\/\/www.proteinsecta.com\/\",\"name\":\"Proteinsecta\",\"description\":\"Expertos en granjas de insectos\",\"publisher\":{\"@id\":\"https:\/\/www.proteinsecta.com\/#organization\"},\"alternateName\":\"Proteinsecta\",\"potentialAction\":[{\"@type\":\"SearchAction\",\"target\":{\"@type\":\"EntryPoint\",\"urlTemplate\":\"https:\/\/www.proteinsecta.com\/?s={search_term_string}\"},\"query-input\":{\"@type\":\"PropertyValueSpecification\",\"valueRequired\":true,\"valueName\":\"search_term_string\"}}],\"inLanguage\":\"en-US\"},{\"@type\":\"Organization\",\"@id\":\"https:\/\/www.proteinsecta.com\/#organization\",\"name\":\"Proteinsecta\",\"url\":\"https:\/\/www.proteinsecta.com\/\",\"logo\":{\"@type\":\"ImageObject\",\"inLanguage\":\"en-US\",\"@id\":\"https:\/\/www.proteinsecta.com\/#\/schema\/logo\/image\/\",\"url\":\"https:\/\/www.proteinsecta.com\/wp-content\/uploads\/2023\/08\/Proteinsecta-Logo-y-Marca-Azul.svg\",\"contentUrl\":\"https:\/\/www.proteinsecta.com\/wp-content\/uploads\/2023\/08\/Proteinsecta-Logo-y-Marca-Azul.svg\",\"width\":\"1024\",\"height\":\"1024\",\"caption\":\"Proteinsecta\"},\"image\":{\"@id\":\"https:\/\/www.proteinsecta.com\/#\/schema\/logo\/image\/\"},\"sameAs\":[\"https:\/\/es-es.facebook.com\/proteinsecta\/\",\"https:\/\/www.instagram.com\/proteinsecta_oficial\",\"https:\/\/es.linkedin.com\/company\/proteinsecta\"]}]}<\/script>\n<!-- \/ Yoast SEO plugin. -->","yoast_head_json":{"title":"Tenebrio molitor \u2013 Fase 3: La Extracci\u00f3n de Huevos y la Fase Larvaria. T\u00e9cnico Especialista Granja de Insectos. - Proteinsecta","robots":{"index":"index","follow":"follow","max-snippet":"max-snippet:-1","max-image-preview":"max-image-preview:large","max-video-preview":"max-video-preview:-1"},"canonical":"https:\/\/www.proteinsecta.com\/en\/product\/videocurso-tecnico-especialista-granja-de-insectos-tenebrio-molitor-fase-3-la-extraccion-de-huevos-y-la-fase-larvaria\/","og_locale":"en_US","og_type":"article","og_title":"Tenebrio molitor \u2013 Fase 3: La Extracci\u00f3n de Huevos y la Fase Larvaria. T\u00e9cnico Especialista Granja de Insectos. - Proteinsecta","og_description":"Adquiere tu curso completo   Videocurso: T\u00e9cnico Especialista Granja de Insectos. Tenebrio molitor \u00a0\u2013 149\u20ac  O tambi\u00e9n puedes adquirir por separado las diferentes partes del Curso:   Videocurso: T\u00e9cnico Especialista Granja de Insectos. Tenebrio molitor - Fase 1: De Larva a Pupa - 60\u20ac  Videocurso: T\u00e9cnico Especialista Granja de Insectos. Tenebrio molitor \u2013 Fase 2: De Pupa a Escarabajo - 40\u20ac  Videocurso: T\u00e9cnico Especialista Granja de Insectos. Tenebrio molitor \u2013 Fase 4: Sacrificio y Transformaci\u00f3n - 20\u20ac","og_url":"https:\/\/www.proteinsecta.com\/en\/product\/videocurso-tecnico-especialista-granja-de-insectos-tenebrio-molitor-fase-3-la-extraccion-de-huevos-y-la-fase-larvaria\/","og_site_name":"Proteinsecta","article_publisher":"https:\/\/es-es.facebook.com\/proteinsecta\/","article_modified_time":"2024-03-05T14:38:46+00:00","og_image":[{"width":1920,"height":1080,"url":"https:\/\/www.proteinsecta.com\/wp-content\/uploads\/2023\/08\/Tenebrio-Molitor-Parte-3.jpg","type":"image\/jpeg"}],"twitter_card":"summary_large_image","twitter_misc":{"Est. reading time":"1 minute"},"schema":{"@context":"https:\/\/schema.org","@graph":[{"@type":"WebPage","@id":"https:\/\/www.proteinsecta.com\/en\/product\/videocurso-tecnico-especialista-granja-de-insectos-tenebrio-molitor-fase-3-la-extraccion-de-huevos-y-la-fase-larvaria\/","url":"https:\/\/www.proteinsecta.com\/en\/product\/videocurso-tecnico-especialista-granja-de-insectos-tenebrio-molitor-fase-3-la-extraccion-de-huevos-y-la-fase-larvaria\/","name":"Tenebrio molitor \u2013 Fase 3: La Extracci\u00f3n de Huevos y la Fase Larvaria. T\u00e9cnico Especialista Granja de Insectos. - Proteinsecta","isPartOf":{"@id":"https:\/\/www.proteinsecta.com\/#website"},"primaryImageOfPage":{"@id":"https:\/\/www.proteinsecta.com\/en\/product\/videocurso-tecnico-especialista-granja-de-insectos-tenebrio-molitor-fase-3-la-extraccion-de-huevos-y-la-fase-larvaria\/#primaryimage"},"image":{"@id":"https:\/\/www.proteinsecta.com\/en\/product\/videocurso-tecnico-especialista-granja-de-insectos-tenebrio-molitor-fase-3-la-extraccion-de-huevos-y-la-fase-larvaria\/#primaryimage"},"thumbnailUrl":"https:\/\/www.proteinsecta.com\/wp-content\/uploads\/2023\/08\/Tenebrio-Molitor-Parte-3.jpg","datePublished":"2022-11-03T10:39:57+00:00","dateModified":"2024-03-05T14:38:46+00:00","breadcrumb":{"@id":"https:\/\/www.proteinsecta.com\/en\/product\/videocurso-tecnico-especialista-granja-de-insectos-tenebrio-molitor-fase-3-la-extraccion-de-huevos-y-la-fase-larvaria\/#breadcrumb"},"inLanguage":"en-US","potentialAction":[{"@type":"ReadAction","target":["https:\/\/www.proteinsecta.com\/en\/product\/videocurso-tecnico-especialista-granja-de-insectos-tenebrio-molitor-fase-3-la-extraccion-de-huevos-y-la-fase-larvaria\/"]}]},{"@type":"ImageObject","inLanguage":"en-US","@id":"https:\/\/www.proteinsecta.com\/en\/product\/videocurso-tecnico-especialista-granja-de-insectos-tenebrio-molitor-fase-3-la-extraccion-de-huevos-y-la-fase-larvaria\/#primaryimage","url":"https:\/\/www.proteinsecta.com\/wp-content\/uploads\/2023\/08\/Tenebrio-Molitor-Parte-3.jpg","contentUrl":"https:\/\/www.proteinsecta.com\/wp-content\/uploads\/2023\/08\/Tenebrio-Molitor-Parte-3.jpg","width":1920,"height":1080},{"@type":"BreadcrumbList","@id":"https:\/\/www.proteinsecta.com\/en\/product\/videocurso-tecnico-especialista-granja-de-insectos-tenebrio-molitor-fase-3-la-extraccion-de-huevos-y-la-fase-larvaria\/#breadcrumb","itemListElement":[{"@type":"ListItem","position":1,"name":"Portada","item":"https:\/\/www.proteinsecta.com\/"},{"@type":"ListItem","position":2,"name":"Productos","item":"https:\/\/www.proteinsecta.com\/shop\/"},{"@type":"ListItem","position":3,"name":"Tenebrio molitor \u2013 Fase 3: La Extracci\u00f3n de Huevos y la Fase Larvaria. T\u00e9cnico Especialista Granja de Insectos."}]},{"@type":"WebSite","@id":"https:\/\/www.proteinsecta.com\/#website","url":"https:\/\/www.proteinsecta.com\/","name":"Proteinsecta","description":"Expertos en granjas de insectos","publisher":{"@id":"https:\/\/www.proteinsecta.com\/#organization"},"alternateName":"Proteinsecta","potentialAction":[{"@type":"SearchAction","target":{"@type":"EntryPoint","urlTemplate":"https:\/\/www.proteinsecta.com\/?s={search_term_string}"},"query-input":{"@type":"PropertyValueSpecification","valueRequired":true,"valueName":"search_term_string"}}],"inLanguage":"en-US"},{"@type":"Organization","@id":"https:\/\/www.proteinsecta.com\/#organization","name":"Proteinsecta","url":"https:\/\/www.proteinsecta.com\/","logo":{"@type":"ImageObject","inLanguage":"en-US","@id":"https:\/\/www.proteinsecta.com\/#\/schema\/logo\/image\/","url":"https:\/\/www.proteinsecta.com\/wp-content\/uploads\/2023\/08\/Proteinsecta-Logo-y-Marca-Azul.svg","contentUrl":"https:\/\/www.proteinsecta.com\/wp-content\/uploads\/2023\/08\/Proteinsecta-Logo-y-Marca-Azul.svg","width":"1024","height":"1024","caption":"Proteinsecta"},"image":{"@id":"https:\/\/www.proteinsecta.com\/#\/schema\/logo\/image\/"},"sameAs":["https:\/\/es-es.facebook.com\/proteinsecta\/","https:\/\/www.instagram.com\/proteinsecta_oficial","https:\/\/es.linkedin.com\/company\/proteinsecta"]}]}},"_links":{"self":[{"href":"https:\/\/www.proteinsecta.com\/en\/wp-json\/wp\/v2\/product\/5474"}],"collection":[{"href":"https:\/\/www.proteinsecta.com\/en\/wp-json\/wp\/v2\/product"}],"about":[{"href":"https:\/\/www.proteinsecta.com\/en\/wp-json\/wp\/v2\/types\/product"}],"wp:featuredmedia":[{"embeddable":true,"href":"https:\/\/www.proteinsecta.com\/en\/wp-json\/wp\/v2\/media\/5483"}],"wp:attachment":[{"href":"https:\/\/www.proteinsecta.com\/en\/wp-json\/wp\/v2\/media?parent=5474"}],"wp:term":[{"taxonomy":"product_cat","embeddable":true,"href":"https:\/\/www.proteinsecta.com\/en\/wp-json\/wp\/v2\/product_cat?post=5474"},{"taxonomy":"product_tag","embeddable":true,"href":"https:\/\/www.proteinsecta.com\/en\/wp-json\/wp\/v2\/product_tag?post=5474"}],"curies":[{"name":"wp","href":"https:\/\/api.w.org\/{rel}","templated":true}]}}