{"id":5469,"date":"2020-08-17T14:09:56","date_gmt":"2020-08-17T12:09:56","guid":{"rendered":"http:\/\/proteinsecta.com\/?post_type=product&#038;p=5469"},"modified":"2024-03-05T12:04:23","modified_gmt":"2024-03-05T11:04:23","slug":"5-plan-de-viabilidad-de-una-granja-de-insectos","status":"publish","type":"product","link":"https:\/\/www.proteinsecta.com\/en\/product\/5-plan-de-viabilidad-de-una-granja-de-insectos\/","title":{"rendered":"Feasibility plan for an insect farm."},"content":{"rendered":"","protected":false},"excerpt":{"rendered":"<ul>\n<li><strong>Duraci\u00f3n<\/strong>: 25 minutos<\/li>\n<\/ul>\n<h3>What can you find in this video?<\/h3>\n<p><span style=\"font-weight: 400;\">Para que un negocio resulte exitoso, resulta fundamental desarrollar un plan de viabilidad. Por este motivo en este apartado se exponen sendos planes de viabilidad, para un negocio de cr\u00eda de Tenebrio molitor y para un negocio de producci\u00f3n de Acheta domesticus.\u00a0<\/span><\/p>\n<p><span style=\"font-weight: 400;\">Dentro de cada uno de ellos se analizan las inversiones iniciales, los costes de personal, gastos generales de la explotaci\u00f3n, costes unitarios de producci\u00f3n, amortizaci\u00f3n, etc.\u00a0<\/span><\/p>\n<ul>\n<li style=\"font-weight: 400;\"><span style=\"font-weight: 400;\">Necesidad de la realizaci\u00f3n de un plan de viabilidad.<\/span><\/li>\n<li style=\"font-weight: 400;\"><span style=\"font-weight: 400;\">Esquema del plan de viabilidad de KPI<\/span><\/li>\n<li style=\"font-weight: 400;\"><span style=\"font-weight: 400;\">An\u00e1lisis Plan Acheta<\/span><\/li>\n<li style=\"font-weight: 400;\"><span style=\"font-weight: 400;\">An\u00e1lisis Plan Tenebrio<\/span><\/li>\n<\/ul>","protected":false},"featured_media":5479,"template":"","meta":{"_acf_changed":false,"inline_featured_image":false},"product_cat":[29],"product_tag":[],"class_list":{"0":"post-5469","1":"product","2":"type-product","3":"status-publish","4":"has-post-thumbnail","6":"product_cat-consultorias","8":"first","9":"instock","10":"virtual","11":"purchasable","12":"product-type-simple"},"acf":[],"yoast_head":"<!-- This site is optimized with the Yoast SEO plugin v23.6 - https:\/\/yoast.com\/wordpress\/plugins\/seo\/ -->\n<title>Plan de viabilidad de una granja de insectos. - Proteinsecta<\/title>\n<meta name=\"robots\" content=\"noindex, nofollow\" \/>\n<meta property=\"og:locale\" content=\"en_US\" \/>\n<meta property=\"og:type\" content=\"article\" \/>\n<meta property=\"og:title\" content=\"Plan de viabilidad de una granja de insectos. - Proteinsecta\" \/>\n<meta property=\"og:description\" content=\"Duraci\u00f3n: 25 minutos  \u00bfQu\u00e9 podr\u00e1s encontrar en este v\u00eddeo? Para que un negocio resulte exitoso, resulta fundamental desarrollar un plan de viabilidad. Por este motivo en este apartado se exponen sendos planes de viabilidad, para un negocio de cr\u00eda de Tenebrio molitor y para un negocio de producci\u00f3n de Acheta domesticus.\u00a0  Dentro de cada uno de ellos se analizan las inversiones iniciales, los costes de personal, gastos generales de la explotaci\u00f3n, costes unitarios de producci\u00f3n, amortizaci\u00f3n, etc.\u00a0   Necesidad de la realizaci\u00f3n de un plan de viabilidad.  Esquema del plan de viabilidad de KPI  An\u00e1lisis Plan Acheta  An\u00e1lisis Plan Tenebrio\" \/>\n<meta property=\"og:url\" content=\"https:\/\/www.proteinsecta.com\/en\/product\/5-plan-de-viabilidad-de-una-granja-de-insectos\/\" \/>\n<meta property=\"og:site_name\" content=\"Proteinsecta\" \/>\n<meta property=\"article:publisher\" content=\"https:\/\/es-es.facebook.com\/proteinsecta\/\" \/>\n<meta property=\"article:modified_time\" content=\"2024-03-05T11:04:23+00:00\" \/>\n<meta property=\"og:image\" content=\"https:\/\/www.proteinsecta.com\/wp-content\/uploads\/2023\/08\/5.-Video-consultoria-plan-de-viabilidad.jpg\" \/>\n\t<meta property=\"og:image:width\" content=\"1076\" \/>\n\t<meta property=\"og:image:height\" content=\"605\" \/>\n\t<meta property=\"og:image:type\" content=\"image\/jpeg\" \/>\n<meta name=\"twitter:card\" content=\"summary_large_image\" \/>\n<meta name=\"twitter:label1\" content=\"Est. reading time\" \/>\n\t<meta name=\"twitter:data1\" content=\"1 minute\" \/>\n<script type=\"application\/ld+json\" class=\"yoast-schema-graph\">{\"@context\":\"https:\/\/schema.org\",\"@graph\":[{\"@type\":\"WebPage\",\"@id\":\"https:\/\/www.proteinsecta.com\/producto\/5-plan-de-viabilidad-de-una-granja-de-insectos\/\",\"url\":\"https:\/\/www.proteinsecta.com\/producto\/5-plan-de-viabilidad-de-una-granja-de-insectos\/\",\"name\":\"Plan de viabilidad de una granja de insectos. - Proteinsecta\",\"isPartOf\":{\"@id\":\"https:\/\/www.proteinsecta.com\/#website\"},\"primaryImageOfPage\":{\"@id\":\"https:\/\/www.proteinsecta.com\/producto\/5-plan-de-viabilidad-de-una-granja-de-insectos\/#primaryimage\"},\"image\":{\"@id\":\"https:\/\/www.proteinsecta.com\/producto\/5-plan-de-viabilidad-de-una-granja-de-insectos\/#primaryimage\"},\"thumbnailUrl\":\"https:\/\/www.proteinsecta.com\/wp-content\/uploads\/2023\/08\/5.-Video-consultoria-plan-de-viabilidad.jpg\",\"datePublished\":\"2020-08-17T12:09:56+00:00\",\"dateModified\":\"2024-03-05T11:04:23+00:00\",\"breadcrumb\":{\"@id\":\"https:\/\/www.proteinsecta.com\/producto\/5-plan-de-viabilidad-de-una-granja-de-insectos\/#breadcrumb\"},\"inLanguage\":\"en-US\",\"potentialAction\":[{\"@type\":\"ReadAction\",\"target\":[\"https:\/\/www.proteinsecta.com\/producto\/5-plan-de-viabilidad-de-una-granja-de-insectos\/\"]}]},{\"@type\":\"ImageObject\",\"inLanguage\":\"en-US\",\"@id\":\"https:\/\/www.proteinsecta.com\/producto\/5-plan-de-viabilidad-de-una-granja-de-insectos\/#primaryimage\",\"url\":\"https:\/\/www.proteinsecta.com\/wp-content\/uploads\/2023\/08\/5.-Video-consultoria-plan-de-viabilidad.jpg\",\"contentUrl\":\"https:\/\/www.proteinsecta.com\/wp-content\/uploads\/2023\/08\/5.-Video-consultoria-plan-de-viabilidad.jpg\",\"width\":1076,\"height\":605},{\"@type\":\"BreadcrumbList\",\"@id\":\"https:\/\/www.proteinsecta.com\/producto\/5-plan-de-viabilidad-de-una-granja-de-insectos\/#breadcrumb\",\"itemListElement\":[{\"@type\":\"ListItem\",\"position\":1,\"name\":\"Portada\",\"item\":\"https:\/\/www.proteinsecta.com\/\"},{\"@type\":\"ListItem\",\"position\":2,\"name\":\"Productos\",\"item\":\"https:\/\/www.proteinsecta.com\/shop\/\"},{\"@type\":\"ListItem\",\"position\":3,\"name\":\"Plan de viabilidad de una granja de insectos.\"}]},{\"@type\":\"WebSite\",\"@id\":\"https:\/\/www.proteinsecta.com\/#website\",\"url\":\"https:\/\/www.proteinsecta.com\/\",\"name\":\"Proteinsecta\",\"description\":\"Expertos en granjas de insectos\",\"publisher\":{\"@id\":\"https:\/\/www.proteinsecta.com\/#organization\"},\"alternateName\":\"Proteinsecta\",\"potentialAction\":[{\"@type\":\"SearchAction\",\"target\":{\"@type\":\"EntryPoint\",\"urlTemplate\":\"https:\/\/www.proteinsecta.com\/?s={search_term_string}\"},\"query-input\":{\"@type\":\"PropertyValueSpecification\",\"valueRequired\":true,\"valueName\":\"search_term_string\"}}],\"inLanguage\":\"en-US\"},{\"@type\":\"Organization\",\"@id\":\"https:\/\/www.proteinsecta.com\/#organization\",\"name\":\"Proteinsecta\",\"url\":\"https:\/\/www.proteinsecta.com\/\",\"logo\":{\"@type\":\"ImageObject\",\"inLanguage\":\"en-US\",\"@id\":\"https:\/\/www.proteinsecta.com\/#\/schema\/logo\/image\/\",\"url\":\"https:\/\/www.proteinsecta.com\/wp-content\/uploads\/2023\/08\/Proteinsecta-Logo-y-Marca-Azul.svg\",\"contentUrl\":\"https:\/\/www.proteinsecta.com\/wp-content\/uploads\/2023\/08\/Proteinsecta-Logo-y-Marca-Azul.svg\",\"width\":\"1024\",\"height\":\"1024\",\"caption\":\"Proteinsecta\"},\"image\":{\"@id\":\"https:\/\/www.proteinsecta.com\/#\/schema\/logo\/image\/\"},\"sameAs\":[\"https:\/\/es-es.facebook.com\/proteinsecta\/\",\"https:\/\/www.instagram.com\/proteinsecta_oficial\",\"https:\/\/es.linkedin.com\/company\/proteinsecta\"]}]}<\/script>\n<!-- \/ Yoast SEO plugin. -->","yoast_head_json":{"title":"Plan de viabilidad de una granja de insectos. - Proteinsecta","robots":{"index":"noindex","follow":"nofollow"},"og_locale":"en_US","og_type":"article","og_title":"Plan de viabilidad de una granja de insectos. - Proteinsecta","og_description":"Duraci\u00f3n: 25 minutos  \u00bfQu\u00e9 podr\u00e1s encontrar en este v\u00eddeo? Para que un negocio resulte exitoso, resulta fundamental desarrollar un plan de viabilidad. Por este motivo en este apartado se exponen sendos planes de viabilidad, para un negocio de cr\u00eda de Tenebrio molitor y para un negocio de producci\u00f3n de Acheta domesticus.\u00a0  Dentro de cada uno de ellos se analizan las inversiones iniciales, los costes de personal, gastos generales de la explotaci\u00f3n, costes unitarios de producci\u00f3n, amortizaci\u00f3n, etc.\u00a0   Necesidad de la realizaci\u00f3n de un plan de viabilidad.  Esquema del plan de viabilidad de KPI  An\u00e1lisis Plan Acheta  An\u00e1lisis Plan Tenebrio","og_url":"https:\/\/www.proteinsecta.com\/en\/product\/5-plan-de-viabilidad-de-una-granja-de-insectos\/","og_site_name":"Proteinsecta","article_publisher":"https:\/\/es-es.facebook.com\/proteinsecta\/","article_modified_time":"2024-03-05T11:04:23+00:00","og_image":[{"width":1076,"height":605,"url":"https:\/\/www.proteinsecta.com\/wp-content\/uploads\/2023\/08\/5.-Video-consultoria-plan-de-viabilidad.jpg","type":"image\/jpeg"}],"twitter_card":"summary_large_image","twitter_misc":{"Est. reading time":"1 minute"},"schema":{"@context":"https:\/\/schema.org","@graph":[{"@type":"WebPage","@id":"https:\/\/www.proteinsecta.com\/producto\/5-plan-de-viabilidad-de-una-granja-de-insectos\/","url":"https:\/\/www.proteinsecta.com\/producto\/5-plan-de-viabilidad-de-una-granja-de-insectos\/","name":"Plan de viabilidad de una granja de insectos. - Proteinsecta","isPartOf":{"@id":"https:\/\/www.proteinsecta.com\/#website"},"primaryImageOfPage":{"@id":"https:\/\/www.proteinsecta.com\/producto\/5-plan-de-viabilidad-de-una-granja-de-insectos\/#primaryimage"},"image":{"@id":"https:\/\/www.proteinsecta.com\/producto\/5-plan-de-viabilidad-de-una-granja-de-insectos\/#primaryimage"},"thumbnailUrl":"https:\/\/www.proteinsecta.com\/wp-content\/uploads\/2023\/08\/5.-Video-consultoria-plan-de-viabilidad.jpg","datePublished":"2020-08-17T12:09:56+00:00","dateModified":"2024-03-05T11:04:23+00:00","breadcrumb":{"@id":"https:\/\/www.proteinsecta.com\/producto\/5-plan-de-viabilidad-de-una-granja-de-insectos\/#breadcrumb"},"inLanguage":"en-US","potentialAction":[{"@type":"ReadAction","target":["https:\/\/www.proteinsecta.com\/producto\/5-plan-de-viabilidad-de-una-granja-de-insectos\/"]}]},{"@type":"ImageObject","inLanguage":"en-US","@id":"https:\/\/www.proteinsecta.com\/producto\/5-plan-de-viabilidad-de-una-granja-de-insectos\/#primaryimage","url":"https:\/\/www.proteinsecta.com\/wp-content\/uploads\/2023\/08\/5.-Video-consultoria-plan-de-viabilidad.jpg","contentUrl":"https:\/\/www.proteinsecta.com\/wp-content\/uploads\/2023\/08\/5.-Video-consultoria-plan-de-viabilidad.jpg","width":1076,"height":605},{"@type":"BreadcrumbList","@id":"https:\/\/www.proteinsecta.com\/producto\/5-plan-de-viabilidad-de-una-granja-de-insectos\/#breadcrumb","itemListElement":[{"@type":"ListItem","position":1,"name":"Portada","item":"https:\/\/www.proteinsecta.com\/"},{"@type":"ListItem","position":2,"name":"Productos","item":"https:\/\/www.proteinsecta.com\/shop\/"},{"@type":"ListItem","position":3,"name":"Plan de viabilidad de una granja de insectos."}]},{"@type":"WebSite","@id":"https:\/\/www.proteinsecta.com\/#website","url":"https:\/\/www.proteinsecta.com\/","name":"Proteinsecta","description":"Expertos en granjas de insectos","publisher":{"@id":"https:\/\/www.proteinsecta.com\/#organization"},"alternateName":"Proteinsecta","potentialAction":[{"@type":"SearchAction","target":{"@type":"EntryPoint","urlTemplate":"https:\/\/www.proteinsecta.com\/?s={search_term_string}"},"query-input":{"@type":"PropertyValueSpecification","valueRequired":true,"valueName":"search_term_string"}}],"inLanguage":"en-US"},{"@type":"Organization","@id":"https:\/\/www.proteinsecta.com\/#organization","name":"Proteinsecta","url":"https:\/\/www.proteinsecta.com\/","logo":{"@type":"ImageObject","inLanguage":"en-US","@id":"https:\/\/www.proteinsecta.com\/#\/schema\/logo\/image\/","url":"https:\/\/www.proteinsecta.com\/wp-content\/uploads\/2023\/08\/Proteinsecta-Logo-y-Marca-Azul.svg","contentUrl":"https:\/\/www.proteinsecta.com\/wp-content\/uploads\/2023\/08\/Proteinsecta-Logo-y-Marca-Azul.svg","width":"1024","height":"1024","caption":"Proteinsecta"},"image":{"@id":"https:\/\/www.proteinsecta.com\/#\/schema\/logo\/image\/"},"sameAs":["https:\/\/es-es.facebook.com\/proteinsecta\/","https:\/\/www.instagram.com\/proteinsecta_oficial","https:\/\/es.linkedin.com\/company\/proteinsecta"]}]}},"_links":{"self":[{"href":"https:\/\/www.proteinsecta.com\/en\/wp-json\/wp\/v2\/product\/5469"}],"collection":[{"href":"https:\/\/www.proteinsecta.com\/en\/wp-json\/wp\/v2\/product"}],"about":[{"href":"https:\/\/www.proteinsecta.com\/en\/wp-json\/wp\/v2\/types\/product"}],"wp:featuredmedia":[{"embeddable":true,"href":"https:\/\/www.proteinsecta.com\/en\/wp-json\/wp\/v2\/media\/5479"}],"wp:attachment":[{"href":"https:\/\/www.proteinsecta.com\/en\/wp-json\/wp\/v2\/media?parent=5469"}],"wp:term":[{"taxonomy":"product_cat","embeddable":true,"href":"https:\/\/www.proteinsecta.com\/en\/wp-json\/wp\/v2\/product_cat?post=5469"},{"taxonomy":"product_tag","embeddable":true,"href":"https:\/\/www.proteinsecta.com\/en\/wp-json\/wp\/v2\/product_tag?post=5469"}],"curies":[{"name":"wp","href":"https:\/\/api.w.org\/{rel}","templated":true}]}}