{"id":5468,"date":"2020-08-13T14:09:56","date_gmt":"2020-08-13T12:09:56","guid":{"rendered":"http:\/\/proteinsecta.com\/?post_type=product&#038;p=5468"},"modified":"2023-08-24T09:55:10","modified_gmt":"2023-08-24T07:55:10","slug":"4-productos-y-subproductos-para-la-comercializacion-de-insectos","status":"publish","type":"product","link":"https:\/\/www.proteinsecta.com\/en\/product\/4-productos-y-subproductos-para-la-comercializacion-de-insectos\/","title":{"rendered":"Products and by-products for the commercialization of insects."},"content":{"rendered":"","protected":false},"excerpt":{"rendered":"<ul>\n<li><strong>Duraci\u00f3n<\/strong>: 20 minutos<\/li>\n<\/ul>\n<h3>What can you find in this video?<\/h3>\n<p><span style=\"font-weight: 400;\">Cuando se producen insectos se obtienen, adem\u00e1s del insecto propiamente dicho, muchos otros productos con inter\u00e9s comercial. En este video se analizan los diferentes formatos de venta de insectos as\u00ed como los subproductos que se obtienen de \u00e9stos y su comercializaci\u00f3n, estudiando el mercado y la normativa a la que est\u00e1 sujeta dicha comercializaci\u00f3n.\u00a0<\/span><\/p>\n<ul>\n<li style=\"font-weight: 400;\"><span style=\"font-weight: 400;\">Alimentaci\u00f3n de insectos: Reglamento 893\/2017<\/span><\/li>\n<li style=\"font-weight: 400;\"><span style=\"font-weight: 400;\">Guano de insecto:<\/span>\n<ul>\n<li style=\"font-weight: 400;\"><span style=\"font-weight: 400;\">Tenebrio: propiedades y precios de mercado<\/span><\/li>\n<li style=\"font-weight: 400;\"><span style=\"font-weight: 400;\">Acheta: propiedades y precio de mercado<\/span><\/li>\n<li style=\"font-weight: 400;\"><span style=\"font-weight: 400;\">Sandach<\/span><\/li>\n<\/ul>\n<\/li>\n<li style=\"font-weight: 400;\"><span style=\"font-weight: 400;\">Insecto vivo<\/span><\/li>\n<li style=\"font-weight: 400;\"><span style=\"font-weight: 400;\">Insecto congelado<\/span><\/li>\n<li style=\"font-weight: 400;\"><span style=\"font-weight: 400;\">Insecto deshidratado<\/span><\/li>\n<li style=\"font-weight: 400;\"><span style=\"font-weight: 400;\">Harina de insecto<\/span><\/li>\n<li style=\"font-weight: 400;\"><span style=\"font-weight: 400;\">Quitina<\/span><\/li>\n<\/ul>","protected":false},"featured_media":5478,"template":"","meta":{"_acf_changed":false,"inline_featured_image":false},"product_cat":[29],"product_tag":[],"class_list":{"0":"post-5468","1":"product","2":"type-product","3":"status-publish","4":"has-post-thumbnail","6":"product_cat-consultorias","8":"first","9":"instock","10":"virtual","11":"purchasable","12":"product-type-simple"},"acf":[],"yoast_head":"<!-- This site is optimized with the Yoast SEO plugin v23.6 - https:\/\/yoast.com\/wordpress\/plugins\/seo\/ -->\n<title>Productos y subproductos para la comercializaci\u00f3n de insectos. - Proteinsecta<\/title>\n<meta name=\"robots\" content=\"noindex, nofollow\" \/>\n<meta property=\"og:locale\" content=\"en_US\" \/>\n<meta property=\"og:type\" content=\"article\" \/>\n<meta property=\"og:title\" content=\"Productos y subproductos para la comercializaci\u00f3n de insectos. - Proteinsecta\" \/>\n<meta property=\"og:description\" content=\"Duraci\u00f3n: 20 minutos  \u00bfQu\u00e9 podr\u00e1s encontrar en este v\u00eddeo? Cuando se producen insectos se obtienen, adem\u00e1s del insecto propiamente dicho, muchos otros productos con inter\u00e9s comercial. En este video se analizan los diferentes formatos de venta de insectos as\u00ed como los subproductos que se obtienen de \u00e9stos y su comercializaci\u00f3n, estudiando el mercado y la normativa a la que est\u00e1 sujeta dicha comercializaci\u00f3n.\u00a0   Alimentaci\u00f3n de insectos: Reglamento 893\/2017  Guano de insecto:   Tenebrio: propiedades y precios de mercado  Acheta: propiedades y precio de mercado  Sandach    Insecto vivo  Insecto congelado  Insecto deshidratado  Harina de insecto  Quitina\" \/>\n<meta property=\"og:url\" content=\"https:\/\/www.proteinsecta.com\/en\/product\/4-productos-y-subproductos-para-la-comercializacion-de-insectos\/\" \/>\n<meta property=\"og:site_name\" content=\"Proteinsecta\" \/>\n<meta property=\"article:publisher\" content=\"https:\/\/es-es.facebook.com\/proteinsecta\/\" \/>\n<meta property=\"article:modified_time\" content=\"2023-08-24T07:55:10+00:00\" \/>\n<meta property=\"og:image\" content=\"https:\/\/www.proteinsecta.com\/wp-content\/uploads\/2023\/08\/4.-Video-productos-subproductos.jpg\" \/>\n\t<meta property=\"og:image:width\" content=\"1077\" \/>\n\t<meta property=\"og:image:height\" content=\"604\" \/>\n\t<meta property=\"og:image:type\" content=\"image\/jpeg\" \/>\n<meta name=\"twitter:card\" content=\"summary_large_image\" \/>\n<script type=\"application\/ld+json\" class=\"yoast-schema-graph\">{\"@context\":\"https:\/\/schema.org\",\"@graph\":[{\"@type\":\"WebPage\",\"@id\":\"https:\/\/www.proteinsecta.com\/producto\/4-productos-y-subproductos-para-la-comercializacion-de-insectos\/\",\"url\":\"https:\/\/www.proteinsecta.com\/producto\/4-productos-y-subproductos-para-la-comercializacion-de-insectos\/\",\"name\":\"Productos y subproductos para la comercializaci\u00f3n de insectos. - Proteinsecta\",\"isPartOf\":{\"@id\":\"https:\/\/www.proteinsecta.com\/#website\"},\"primaryImageOfPage\":{\"@id\":\"https:\/\/www.proteinsecta.com\/producto\/4-productos-y-subproductos-para-la-comercializacion-de-insectos\/#primaryimage\"},\"image\":{\"@id\":\"https:\/\/www.proteinsecta.com\/producto\/4-productos-y-subproductos-para-la-comercializacion-de-insectos\/#primaryimage\"},\"thumbnailUrl\":\"https:\/\/www.proteinsecta.com\/wp-content\/uploads\/2023\/08\/4.-Video-productos-subproductos.jpg\",\"datePublished\":\"2020-08-13T12:09:56+00:00\",\"dateModified\":\"2023-08-24T07:55:10+00:00\",\"breadcrumb\":{\"@id\":\"https:\/\/www.proteinsecta.com\/producto\/4-productos-y-subproductos-para-la-comercializacion-de-insectos\/#breadcrumb\"},\"inLanguage\":\"en-US\",\"potentialAction\":[{\"@type\":\"ReadAction\",\"target\":[\"https:\/\/www.proteinsecta.com\/producto\/4-productos-y-subproductos-para-la-comercializacion-de-insectos\/\"]}]},{\"@type\":\"ImageObject\",\"inLanguage\":\"en-US\",\"@id\":\"https:\/\/www.proteinsecta.com\/producto\/4-productos-y-subproductos-para-la-comercializacion-de-insectos\/#primaryimage\",\"url\":\"https:\/\/www.proteinsecta.com\/wp-content\/uploads\/2023\/08\/4.-Video-productos-subproductos.jpg\",\"contentUrl\":\"https:\/\/www.proteinsecta.com\/wp-content\/uploads\/2023\/08\/4.-Video-productos-subproductos.jpg\",\"width\":1077,\"height\":604},{\"@type\":\"BreadcrumbList\",\"@id\":\"https:\/\/www.proteinsecta.com\/producto\/4-productos-y-subproductos-para-la-comercializacion-de-insectos\/#breadcrumb\",\"itemListElement\":[{\"@type\":\"ListItem\",\"position\":1,\"name\":\"Portada\",\"item\":\"https:\/\/www.proteinsecta.com\/\"},{\"@type\":\"ListItem\",\"position\":2,\"name\":\"Productos\",\"item\":\"https:\/\/www.proteinsecta.com\/shop\/\"},{\"@type\":\"ListItem\",\"position\":3,\"name\":\"Productos y subproductos para la comercializaci\u00f3n de insectos.\"}]},{\"@type\":\"WebSite\",\"@id\":\"https:\/\/www.proteinsecta.com\/#website\",\"url\":\"https:\/\/www.proteinsecta.com\/\",\"name\":\"Proteinsecta\",\"description\":\"Expertos en granjas de insectos\",\"publisher\":{\"@id\":\"https:\/\/www.proteinsecta.com\/#organization\"},\"alternateName\":\"Proteinsecta\",\"potentialAction\":[{\"@type\":\"SearchAction\",\"target\":{\"@type\":\"EntryPoint\",\"urlTemplate\":\"https:\/\/www.proteinsecta.com\/?s={search_term_string}\"},\"query-input\":{\"@type\":\"PropertyValueSpecification\",\"valueRequired\":true,\"valueName\":\"search_term_string\"}}],\"inLanguage\":\"en-US\"},{\"@type\":\"Organization\",\"@id\":\"https:\/\/www.proteinsecta.com\/#organization\",\"name\":\"Proteinsecta\",\"url\":\"https:\/\/www.proteinsecta.com\/\",\"logo\":{\"@type\":\"ImageObject\",\"inLanguage\":\"en-US\",\"@id\":\"https:\/\/www.proteinsecta.com\/#\/schema\/logo\/image\/\",\"url\":\"https:\/\/www.proteinsecta.com\/wp-content\/uploads\/2023\/08\/Proteinsecta-Logo-y-Marca-Azul.svg\",\"contentUrl\":\"https:\/\/www.proteinsecta.com\/wp-content\/uploads\/2023\/08\/Proteinsecta-Logo-y-Marca-Azul.svg\",\"width\":\"1024\",\"height\":\"1024\",\"caption\":\"Proteinsecta\"},\"image\":{\"@id\":\"https:\/\/www.proteinsecta.com\/#\/schema\/logo\/image\/\"},\"sameAs\":[\"https:\/\/es-es.facebook.com\/proteinsecta\/\",\"https:\/\/www.instagram.com\/proteinsecta_oficial\",\"https:\/\/es.linkedin.com\/company\/proteinsecta\"]}]}<\/script>\n<!-- \/ Yoast SEO plugin. -->","yoast_head_json":{"title":"Productos y subproductos para la comercializaci\u00f3n de insectos. - Proteinsecta","robots":{"index":"noindex","follow":"nofollow"},"og_locale":"en_US","og_type":"article","og_title":"Productos y subproductos para la comercializaci\u00f3n de insectos. - Proteinsecta","og_description":"Duraci\u00f3n: 20 minutos  \u00bfQu\u00e9 podr\u00e1s encontrar en este v\u00eddeo? Cuando se producen insectos se obtienen, adem\u00e1s del insecto propiamente dicho, muchos otros productos con inter\u00e9s comercial. En este video se analizan los diferentes formatos de venta de insectos as\u00ed como los subproductos que se obtienen de \u00e9stos y su comercializaci\u00f3n, estudiando el mercado y la normativa a la que est\u00e1 sujeta dicha comercializaci\u00f3n.\u00a0   Alimentaci\u00f3n de insectos: Reglamento 893\/2017  Guano de insecto:   Tenebrio: propiedades y precios de mercado  Acheta: propiedades y precio de mercado  Sandach    Insecto vivo  Insecto congelado  Insecto deshidratado  Harina de insecto  Quitina","og_url":"https:\/\/www.proteinsecta.com\/en\/product\/4-productos-y-subproductos-para-la-comercializacion-de-insectos\/","og_site_name":"Proteinsecta","article_publisher":"https:\/\/es-es.facebook.com\/proteinsecta\/","article_modified_time":"2023-08-24T07:55:10+00:00","og_image":[{"width":1077,"height":604,"url":"https:\/\/www.proteinsecta.com\/wp-content\/uploads\/2023\/08\/4.-Video-productos-subproductos.jpg","type":"image\/jpeg"}],"twitter_card":"summary_large_image","schema":{"@context":"https:\/\/schema.org","@graph":[{"@type":"WebPage","@id":"https:\/\/www.proteinsecta.com\/producto\/4-productos-y-subproductos-para-la-comercializacion-de-insectos\/","url":"https:\/\/www.proteinsecta.com\/producto\/4-productos-y-subproductos-para-la-comercializacion-de-insectos\/","name":"Productos y subproductos para la comercializaci\u00f3n de insectos. - Proteinsecta","isPartOf":{"@id":"https:\/\/www.proteinsecta.com\/#website"},"primaryImageOfPage":{"@id":"https:\/\/www.proteinsecta.com\/producto\/4-productos-y-subproductos-para-la-comercializacion-de-insectos\/#primaryimage"},"image":{"@id":"https:\/\/www.proteinsecta.com\/producto\/4-productos-y-subproductos-para-la-comercializacion-de-insectos\/#primaryimage"},"thumbnailUrl":"https:\/\/www.proteinsecta.com\/wp-content\/uploads\/2023\/08\/4.-Video-productos-subproductos.jpg","datePublished":"2020-08-13T12:09:56+00:00","dateModified":"2023-08-24T07:55:10+00:00","breadcrumb":{"@id":"https:\/\/www.proteinsecta.com\/producto\/4-productos-y-subproductos-para-la-comercializacion-de-insectos\/#breadcrumb"},"inLanguage":"en-US","potentialAction":[{"@type":"ReadAction","target":["https:\/\/www.proteinsecta.com\/producto\/4-productos-y-subproductos-para-la-comercializacion-de-insectos\/"]}]},{"@type":"ImageObject","inLanguage":"en-US","@id":"https:\/\/www.proteinsecta.com\/producto\/4-productos-y-subproductos-para-la-comercializacion-de-insectos\/#primaryimage","url":"https:\/\/www.proteinsecta.com\/wp-content\/uploads\/2023\/08\/4.-Video-productos-subproductos.jpg","contentUrl":"https:\/\/www.proteinsecta.com\/wp-content\/uploads\/2023\/08\/4.-Video-productos-subproductos.jpg","width":1077,"height":604},{"@type":"BreadcrumbList","@id":"https:\/\/www.proteinsecta.com\/producto\/4-productos-y-subproductos-para-la-comercializacion-de-insectos\/#breadcrumb","itemListElement":[{"@type":"ListItem","position":1,"name":"Portada","item":"https:\/\/www.proteinsecta.com\/"},{"@type":"ListItem","position":2,"name":"Productos","item":"https:\/\/www.proteinsecta.com\/shop\/"},{"@type":"ListItem","position":3,"name":"Productos y subproductos para la comercializaci\u00f3n de insectos."}]},{"@type":"WebSite","@id":"https:\/\/www.proteinsecta.com\/#website","url":"https:\/\/www.proteinsecta.com\/","name":"Proteinsecta","description":"Expertos en granjas de insectos","publisher":{"@id":"https:\/\/www.proteinsecta.com\/#organization"},"alternateName":"Proteinsecta","potentialAction":[{"@type":"SearchAction","target":{"@type":"EntryPoint","urlTemplate":"https:\/\/www.proteinsecta.com\/?s={search_term_string}"},"query-input":{"@type":"PropertyValueSpecification","valueRequired":true,"valueName":"search_term_string"}}],"inLanguage":"en-US"},{"@type":"Organization","@id":"https:\/\/www.proteinsecta.com\/#organization","name":"Proteinsecta","url":"https:\/\/www.proteinsecta.com\/","logo":{"@type":"ImageObject","inLanguage":"en-US","@id":"https:\/\/www.proteinsecta.com\/#\/schema\/logo\/image\/","url":"https:\/\/www.proteinsecta.com\/wp-content\/uploads\/2023\/08\/Proteinsecta-Logo-y-Marca-Azul.svg","contentUrl":"https:\/\/www.proteinsecta.com\/wp-content\/uploads\/2023\/08\/Proteinsecta-Logo-y-Marca-Azul.svg","width":"1024","height":"1024","caption":"Proteinsecta"},"image":{"@id":"https:\/\/www.proteinsecta.com\/#\/schema\/logo\/image\/"},"sameAs":["https:\/\/es-es.facebook.com\/proteinsecta\/","https:\/\/www.instagram.com\/proteinsecta_oficial","https:\/\/es.linkedin.com\/company\/proteinsecta"]}]}},"_links":{"self":[{"href":"https:\/\/www.proteinsecta.com\/en\/wp-json\/wp\/v2\/product\/5468"}],"collection":[{"href":"https:\/\/www.proteinsecta.com\/en\/wp-json\/wp\/v2\/product"}],"about":[{"href":"https:\/\/www.proteinsecta.com\/en\/wp-json\/wp\/v2\/types\/product"}],"wp:featuredmedia":[{"embeddable":true,"href":"https:\/\/www.proteinsecta.com\/en\/wp-json\/wp\/v2\/media\/5478"}],"wp:attachment":[{"href":"https:\/\/www.proteinsecta.com\/en\/wp-json\/wp\/v2\/media?parent=5468"}],"wp:term":[{"taxonomy":"product_cat","embeddable":true,"href":"https:\/\/www.proteinsecta.com\/en\/wp-json\/wp\/v2\/product_cat?post=5468"},{"taxonomy":"product_tag","embeddable":true,"href":"https:\/\/www.proteinsecta.com\/en\/wp-json\/wp\/v2\/product_tag?post=5468"}],"curies":[{"name":"wp","href":"https:\/\/api.w.org\/{rel}","templated":true}]}}