{"id":5358,"date":"2020-04-06T14:08:57","date_gmt":"2020-04-06T12:08:57","guid":{"rendered":"http:\/\/proteinsecta.com\/?post_type=product&#038;p=5358"},"modified":"2025-06-11T13:52:49","modified_gmt":"2025-06-11T11:52:49","slug":"manual-de-cria-y-reproduccion-de-acheta-domesticus","status":"publish","type":"product","link":"https:\/\/www.proteinsecta.com\/en\/product\/manual-de-cria-y-reproduccion-de-acheta-domesticus\/","title":{"rendered":"Acheta Domesticus breeding and reproduction manual"},"content":{"rendered":"<div class=\"wpb-content-wrapper\"><div class=\"vc_row wpb_row vc_row-fluid\"><div class=\"wpb_column vc_column_container vc_col-sm-12\"><div class=\"vc_column-inner\"><div class=\"wpb_wrapper\">\n\t<div class=\"wpb_text_column wpb_content_element bgDesc\" >\n\t\t<div class=\"wpb_wrapper\">\n\t\t\t<p>Con este manual, podr\u00e1 iniciar la capacitaci\u00f3n para de gestionar su granja de insectos y consiga mantener y reproducir poblaciones de la <em>Acheta domesticus<\/em> de forma constante y eficiente. Este manual contiene desde explicaciones b\u00e1sicas sobre este insecto hasta m\u00e9todos de trabajo que le ayudar\u00e1n en el d\u00eda a d\u00eda durante la gesti\u00f3n de su granja. Podr\u00e1s conocer todos los detalles sobre su alimentaci\u00f3n, cr\u00eda y reproducci\u00f3n, as\u00ed como las tareas a realizar en cada momento del ciclo de vida de este insecto.<\/p>\n<p>La cr\u00eda del <em>Acheta<\/em> <em>domesticus<\/em> no solamente produce grillo en s\u00ed, sino que, podr\u00e1s comercializar otros productos como el excremento, ideal como abono org\u00e1nico, pues sus usos son variados, pudi\u00e9ndolos enfocar a comercializaciones tan distintas como el alimento vivo para animales ex\u00f3ticos y mascotas, la elaboraci\u00f3n de piensos para acuicultura, Pet Food, ganader\u00eda o avicultura, y en \u00faltima instancia, para alimento humano en forma de harinas u otros derivados cuando la legislaci\u00f3n nos lo permita.<\/p>\n<p><strong>\u00bfQu\u00e9 encontrar\u00e1s en este manual?:<\/strong><\/p>\n<ol style=\"margin-left: 20px;\">\n<li>Objeto de la granja de insectos;<\/li>\n<li>Ciclo de vida;<\/li>\n<li>Alimentaci\u00f3n;<\/li>\n<li>Ambiente de cr\u00eda;<\/li>\n<li>Distribuci\u00f3n del \u00e1rea de trabajo;<\/li>\n<li>Proceso de trabajo;<\/li>\n<li>Larvas ricas en entoproteinas;<\/li>\n<li>Excrementos &#8211; Abono org\u00e1nico 100%;<\/li>\n<li>Antiplagas natural;<\/li>\n<li>Plagas y contaminaci\u00f3n biol\u00f3gica en la granja;<\/li>\n<li>Plataformas de insecticultores;<\/li>\n<\/ol>\n\n\t\t<\/div>\n\t<\/div>\n\n\t<div class=\"wpb_raw_code wpb_raw_html wpb_content_element\" >\n\t\t<div class=\"wpb_wrapper\">\n\t\t\t\n\t\t<\/div>\n\t<\/div>\n\n\t<div class=\"wpb_raw_code wpb_raw_js\" >\n\t\t<div class=\"wpb_wrapper\">\n\t\t\t\t\t\t<script>\n\t\t\tjQuery(document).ready(function( $ ) {\n\t\t\t$( \".product_name\" ).append( '<div class=\"old\"><del><span class=\"\">790,00&nbsp;<span class=\"woocommerce-Price-currencySymbol\">\u20ac<\/span> <\/span><span class=\"vat\" style=\"font-weight:400!important;font-size:0.9rem\"> IVA incl.<\/span><\/del><span class=\"dto\"><i class=\"fa fa-percent\" aria-hidden=\"true\"><\/i> Dto. COVID-19<\/span><\/div>' );\n\t\t\t});\n\t\t\t <\/script>\n\t\t<\/div>\n\t<\/div>\n<\/div><\/div><\/div><\/div>\n<\/div>","protected":false},"excerpt":{"rendered":"<p>El objetivo de este manual es darle las herramientas para que pueda desarrollar su granja de insectos de forma saludable y sostenible con un m\u00e9todo de trabajo donde se pretende conseguir una producci\u00f3n intensiva y continua con el objeto de alcanzar producciones de escala.<\/p>\n<p>ISBN:978-84-09-13934-7<\/p>","protected":false},"featured_media":5381,"template":"","meta":{"_acf_changed":false,"inline_featured_image":false},"product_cat":[26],"product_tag":[],"class_list":{"0":"post-5358","1":"product","2":"type-product","3":"status-publish","4":"has-post-thumbnail","6":"product_cat-manuales","8":"first","9":"instock","10":"downloadable","11":"sold-individually","12":"shipping-taxable","13":"purchasable","14":"product-type-simple"},"acf":[],"yoast_head":"<!-- This site is optimized with the Yoast SEO plugin v23.6 - https:\/\/yoast.com\/wordpress\/plugins\/seo\/ -->\n<title>Manual de cr\u00eda y reproducci\u00f3n de Acheta Domesticus - Proteinsecta<\/title>\n<meta name=\"description\" content=\"Manual de cr\u00eda y reproducci\u00f3n de Acheta Domesticus \u2705 Todo lo que puedes necesitar para criar con \u00e9xito el Grillo Acheta Domesticus \u2705\" \/>\n<meta name=\"robots\" content=\"noindex, follow\" \/>\n<meta property=\"og:locale\" content=\"en_US\" \/>\n<meta property=\"og:type\" content=\"article\" \/>\n<meta property=\"og:title\" content=\"Manual de cr\u00eda y reproducci\u00f3n de Acheta Domesticus - Proteinsecta\" \/>\n<meta property=\"og:description\" content=\"Manual de cr\u00eda y reproducci\u00f3n de Acheta Domesticus \u2705 Todo lo que puedes necesitar para criar con \u00e9xito el Grillo Acheta Domesticus \u2705\" \/>\n<meta property=\"og:url\" content=\"https:\/\/www.proteinsecta.com\/en\/product\/manual-de-cria-y-reproduccion-de-acheta-domesticus\/\" \/>\n<meta property=\"og:site_name\" content=\"Proteinsecta\" \/>\n<meta property=\"article:publisher\" content=\"https:\/\/es-es.facebook.com\/proteinsecta\/\" \/>\n<meta property=\"article:modified_time\" content=\"2025-06-11T11:52:49+00:00\" \/>\n<meta property=\"og:image\" content=\"https:\/\/www.proteinsecta.com\/wp-content\/uploads\/2023\/08\/manual-acheta.jpg\" \/>\n\t<meta property=\"og:image:width\" content=\"824\" \/>\n\t<meta property=\"og:image:height\" content=\"824\" \/>\n\t<meta property=\"og:image:type\" content=\"image\/jpeg\" \/>\n<meta name=\"twitter:card\" content=\"summary_large_image\" \/>\n<meta name=\"twitter:label1\" content=\"Est. reading time\" \/>\n\t<meta name=\"twitter:data1\" content=\"2 minutes\" \/>\n<script type=\"application\/ld+json\" class=\"yoast-schema-graph\">{\"@context\":\"https:\/\/schema.org\",\"@graph\":[{\"@type\":\"WebPage\",\"@id\":\"https:\/\/www.proteinsecta.com\/producto\/manual-de-cria-y-reproduccion-de-acheta-domesticus\/\",\"url\":\"https:\/\/www.proteinsecta.com\/producto\/manual-de-cria-y-reproduccion-de-acheta-domesticus\/\",\"name\":\"Manual de cr\u00eda y reproducci\u00f3n de Acheta Domesticus - Proteinsecta\",\"isPartOf\":{\"@id\":\"https:\/\/www.proteinsecta.com\/#website\"},\"primaryImageOfPage\":{\"@id\":\"https:\/\/www.proteinsecta.com\/producto\/manual-de-cria-y-reproduccion-de-acheta-domesticus\/#primaryimage\"},\"image\":{\"@id\":\"https:\/\/www.proteinsecta.com\/producto\/manual-de-cria-y-reproduccion-de-acheta-domesticus\/#primaryimage\"},\"thumbnailUrl\":\"https:\/\/www.proteinsecta.com\/wp-content\/uploads\/2023\/08\/manual-acheta.jpg\",\"datePublished\":\"2020-04-06T12:08:57+00:00\",\"dateModified\":\"2025-06-11T11:52:49+00:00\",\"description\":\"Manual de cr\u00eda y reproducci\u00f3n de Acheta Domesticus \u2705 Todo lo que puedes necesitar para criar con \u00e9xito el Grillo Acheta Domesticus \u2705\",\"breadcrumb\":{\"@id\":\"https:\/\/www.proteinsecta.com\/producto\/manual-de-cria-y-reproduccion-de-acheta-domesticus\/#breadcrumb\"},\"inLanguage\":\"en-US\",\"potentialAction\":[{\"@type\":\"ReadAction\",\"target\":[\"https:\/\/www.proteinsecta.com\/producto\/manual-de-cria-y-reproduccion-de-acheta-domesticus\/\"]}]},{\"@type\":\"ImageObject\",\"inLanguage\":\"en-US\",\"@id\":\"https:\/\/www.proteinsecta.com\/producto\/manual-de-cria-y-reproduccion-de-acheta-domesticus\/#primaryimage\",\"url\":\"https:\/\/www.proteinsecta.com\/wp-content\/uploads\/2023\/08\/manual-acheta.jpg\",\"contentUrl\":\"https:\/\/www.proteinsecta.com\/wp-content\/uploads\/2023\/08\/manual-acheta.jpg\",\"width\":824,\"height\":824},{\"@type\":\"BreadcrumbList\",\"@id\":\"https:\/\/www.proteinsecta.com\/producto\/manual-de-cria-y-reproduccion-de-acheta-domesticus\/#breadcrumb\",\"itemListElement\":[{\"@type\":\"ListItem\",\"position\":1,\"name\":\"Portada\",\"item\":\"https:\/\/www.proteinsecta.com\/\"},{\"@type\":\"ListItem\",\"position\":2,\"name\":\"Productos\",\"item\":\"https:\/\/www.proteinsecta.com\/shop\/\"},{\"@type\":\"ListItem\",\"position\":3,\"name\":\"Manual de cr\u00eda y reproducci\u00f3n de Acheta Domesticus\"}]},{\"@type\":\"WebSite\",\"@id\":\"https:\/\/www.proteinsecta.com\/#website\",\"url\":\"https:\/\/www.proteinsecta.com\/\",\"name\":\"Proteinsecta\",\"description\":\"Expertos en granjas de insectos\",\"publisher\":{\"@id\":\"https:\/\/www.proteinsecta.com\/#organization\"},\"alternateName\":\"Proteinsecta\",\"potentialAction\":[{\"@type\":\"SearchAction\",\"target\":{\"@type\":\"EntryPoint\",\"urlTemplate\":\"https:\/\/www.proteinsecta.com\/?s={search_term_string}\"},\"query-input\":{\"@type\":\"PropertyValueSpecification\",\"valueRequired\":true,\"valueName\":\"search_term_string\"}}],\"inLanguage\":\"en-US\"},{\"@type\":\"Organization\",\"@id\":\"https:\/\/www.proteinsecta.com\/#organization\",\"name\":\"Proteinsecta\",\"url\":\"https:\/\/www.proteinsecta.com\/\",\"logo\":{\"@type\":\"ImageObject\",\"inLanguage\":\"en-US\",\"@id\":\"https:\/\/www.proteinsecta.com\/#\/schema\/logo\/image\/\",\"url\":\"https:\/\/www.proteinsecta.com\/wp-content\/uploads\/2023\/08\/Proteinsecta-Logo-y-Marca-Azul.svg\",\"contentUrl\":\"https:\/\/www.proteinsecta.com\/wp-content\/uploads\/2023\/08\/Proteinsecta-Logo-y-Marca-Azul.svg\",\"width\":\"1024\",\"height\":\"1024\",\"caption\":\"Proteinsecta\"},\"image\":{\"@id\":\"https:\/\/www.proteinsecta.com\/#\/schema\/logo\/image\/\"},\"sameAs\":[\"https:\/\/es-es.facebook.com\/proteinsecta\/\",\"https:\/\/www.instagram.com\/proteinsecta_oficial\",\"https:\/\/es.linkedin.com\/company\/proteinsecta\"]}]}<\/script>\n<!-- \/ Yoast SEO plugin. -->","yoast_head_json":{"title":"Manual de cr\u00eda y reproducci\u00f3n de Acheta Domesticus - Proteinsecta","description":"Manual de cr\u00eda y reproducci\u00f3n de Acheta Domesticus \u2705 Todo lo que puedes necesitar para criar con \u00e9xito el Grillo Acheta Domesticus \u2705","robots":{"index":"noindex","follow":"follow"},"og_locale":"en_US","og_type":"article","og_title":"Manual de cr\u00eda y reproducci\u00f3n de Acheta Domesticus - Proteinsecta","og_description":"Manual de cr\u00eda y reproducci\u00f3n de Acheta Domesticus \u2705 Todo lo que puedes necesitar para criar con \u00e9xito el Grillo Acheta Domesticus \u2705","og_url":"https:\/\/www.proteinsecta.com\/en\/product\/manual-de-cria-y-reproduccion-de-acheta-domesticus\/","og_site_name":"Proteinsecta","article_publisher":"https:\/\/es-es.facebook.com\/proteinsecta\/","article_modified_time":"2025-06-11T11:52:49+00:00","og_image":[{"width":824,"height":824,"url":"https:\/\/www.proteinsecta.com\/wp-content\/uploads\/2023\/08\/manual-acheta.jpg","type":"image\/jpeg"}],"twitter_card":"summary_large_image","twitter_misc":{"Est. reading time":"2 minutes"},"schema":{"@context":"https:\/\/schema.org","@graph":[{"@type":"WebPage","@id":"https:\/\/www.proteinsecta.com\/producto\/manual-de-cria-y-reproduccion-de-acheta-domesticus\/","url":"https:\/\/www.proteinsecta.com\/producto\/manual-de-cria-y-reproduccion-de-acheta-domesticus\/","name":"Manual de cr\u00eda y reproducci\u00f3n de Acheta Domesticus - Proteinsecta","isPartOf":{"@id":"https:\/\/www.proteinsecta.com\/#website"},"primaryImageOfPage":{"@id":"https:\/\/www.proteinsecta.com\/producto\/manual-de-cria-y-reproduccion-de-acheta-domesticus\/#primaryimage"},"image":{"@id":"https:\/\/www.proteinsecta.com\/producto\/manual-de-cria-y-reproduccion-de-acheta-domesticus\/#primaryimage"},"thumbnailUrl":"https:\/\/www.proteinsecta.com\/wp-content\/uploads\/2023\/08\/manual-acheta.jpg","datePublished":"2020-04-06T12:08:57+00:00","dateModified":"2025-06-11T11:52:49+00:00","description":"Manual de cr\u00eda y reproducci\u00f3n de Acheta Domesticus \u2705 Todo lo que puedes necesitar para criar con \u00e9xito el Grillo Acheta Domesticus \u2705","breadcrumb":{"@id":"https:\/\/www.proteinsecta.com\/producto\/manual-de-cria-y-reproduccion-de-acheta-domesticus\/#breadcrumb"},"inLanguage":"en-US","potentialAction":[{"@type":"ReadAction","target":["https:\/\/www.proteinsecta.com\/producto\/manual-de-cria-y-reproduccion-de-acheta-domesticus\/"]}]},{"@type":"ImageObject","inLanguage":"en-US","@id":"https:\/\/www.proteinsecta.com\/producto\/manual-de-cria-y-reproduccion-de-acheta-domesticus\/#primaryimage","url":"https:\/\/www.proteinsecta.com\/wp-content\/uploads\/2023\/08\/manual-acheta.jpg","contentUrl":"https:\/\/www.proteinsecta.com\/wp-content\/uploads\/2023\/08\/manual-acheta.jpg","width":824,"height":824},{"@type":"BreadcrumbList","@id":"https:\/\/www.proteinsecta.com\/producto\/manual-de-cria-y-reproduccion-de-acheta-domesticus\/#breadcrumb","itemListElement":[{"@type":"ListItem","position":1,"name":"Portada","item":"https:\/\/www.proteinsecta.com\/"},{"@type":"ListItem","position":2,"name":"Productos","item":"https:\/\/www.proteinsecta.com\/shop\/"},{"@type":"ListItem","position":3,"name":"Manual de cr\u00eda y reproducci\u00f3n de Acheta Domesticus"}]},{"@type":"WebSite","@id":"https:\/\/www.proteinsecta.com\/#website","url":"https:\/\/www.proteinsecta.com\/","name":"Proteinsecta","description":"Expertos en granjas de insectos","publisher":{"@id":"https:\/\/www.proteinsecta.com\/#organization"},"alternateName":"Proteinsecta","potentialAction":[{"@type":"SearchAction","target":{"@type":"EntryPoint","urlTemplate":"https:\/\/www.proteinsecta.com\/?s={search_term_string}"},"query-input":{"@type":"PropertyValueSpecification","valueRequired":true,"valueName":"search_term_string"}}],"inLanguage":"en-US"},{"@type":"Organization","@id":"https:\/\/www.proteinsecta.com\/#organization","name":"Proteinsecta","url":"https:\/\/www.proteinsecta.com\/","logo":{"@type":"ImageObject","inLanguage":"en-US","@id":"https:\/\/www.proteinsecta.com\/#\/schema\/logo\/image\/","url":"https:\/\/www.proteinsecta.com\/wp-content\/uploads\/2023\/08\/Proteinsecta-Logo-y-Marca-Azul.svg","contentUrl":"https:\/\/www.proteinsecta.com\/wp-content\/uploads\/2023\/08\/Proteinsecta-Logo-y-Marca-Azul.svg","width":"1024","height":"1024","caption":"Proteinsecta"},"image":{"@id":"https:\/\/www.proteinsecta.com\/#\/schema\/logo\/image\/"},"sameAs":["https:\/\/es-es.facebook.com\/proteinsecta\/","https:\/\/www.instagram.com\/proteinsecta_oficial","https:\/\/es.linkedin.com\/company\/proteinsecta"]}]}},"_links":{"self":[{"href":"https:\/\/www.proteinsecta.com\/en\/wp-json\/wp\/v2\/product\/5358"}],"collection":[{"href":"https:\/\/www.proteinsecta.com\/en\/wp-json\/wp\/v2\/product"}],"about":[{"href":"https:\/\/www.proteinsecta.com\/en\/wp-json\/wp\/v2\/types\/product"}],"wp:featuredmedia":[{"embeddable":true,"href":"https:\/\/www.proteinsecta.com\/en\/wp-json\/wp\/v2\/media\/5381"}],"wp:attachment":[{"href":"https:\/\/www.proteinsecta.com\/en\/wp-json\/wp\/v2\/media?parent=5358"}],"wp:term":[{"taxonomy":"product_cat","embeddable":true,"href":"https:\/\/www.proteinsecta.com\/en\/wp-json\/wp\/v2\/product_cat?post=5358"},{"taxonomy":"product_tag","embeddable":true,"href":"https:\/\/www.proteinsecta.com\/en\/wp-json\/wp\/v2\/product_tag?post=5358"}],"curies":[{"name":"wp","href":"https:\/\/api.w.org\/{rel}","templated":true}]}}