{"id":5357,"date":"2020-04-06T14:08:57","date_gmt":"2020-04-06T12:08:57","guid":{"rendered":"http:\/\/proteinsecta.com\/?post_type=product&#038;p=5357"},"modified":"2025-06-11T14:00:05","modified_gmt":"2025-06-11T12:00:05","slug":"manual-de-cria-y-reproduccion-de-tenebrio-molitor","status":"publish","type":"product","link":"https:\/\/www.proteinsecta.com\/en\/product\/manual-de-cria-y-reproduccion-de-tenebrio-molitor\/","title":{"rendered":"Breeding and reproduction manual for Tenebrio Molitor"},"content":{"rendered":"<div class=\"wpb-content-wrapper\"><div class=\"vc_row wpb_row vc_row-fluid\"><div class=\"wpb_column vc_column_container vc_col-sm-12\"><div class=\"vc_column-inner\"><div class=\"wpb_wrapper\">\n\t<div class=\"wpb_text_column wpb_content_element bgDesc\" >\n\t\t<div class=\"wpb_wrapper\">\n\t\t\t<ul style=\"list-style-type: circle;\">\n<li>Con estos manuales pretendemos que seas capaz de gestionar tu granja de insectos y consiga mantener y reproducir poblaciones de Tenebrios de forma constante y eficiente.<\/li>\n<li>Estos manuales contienen desde explicaciones b\u00e1sicas sobre estos insectos hasta m\u00e9todos de trabajo que te ayudar\u00e1n en el d\u00eda a d\u00eda durante la gesti\u00f3n de tu granja.<\/li>\n<li>Podr\u00e1s conocer paso a paso todo el proceso de trabajo en una granja de <em>Tenebrio molitor. <\/em>En m\u00e1s de 100 p\u00e1ginas de informaci\u00f3n detallada aprender\u00e1s sobre su alimentaci\u00f3n, cr\u00eda y reproducci\u00f3n, as\u00ed como las tareas a realizar en cada momento del ciclo de vida de estos insectos.<\/li>\n<li>\u00bfQu\u00e9 encontrar\u00e1s en este manual?:\n<ol style=\"margin-left: 20px;\">\n<li>Objeto de la granja de insectos;<\/li>\n<li>Ciclo de vida;<\/li>\n<li>Alimentaci\u00f3n;<\/li>\n<li>Ambiente de cr\u00eda;<\/li>\n<li>Distribuci\u00f3n del \u00e1rea de trabajo;<\/li>\n<li>Proceso de trabajo;<\/li>\n<li>Larvas ricas en entoproteinas;<\/li>\n<li>Excrementos &#8211; Abono org\u00e1nico 100%;<\/li>\n<li>Antiplagas natural;<\/li>\n<li>Plagas y contaminaci\u00f3n biol\u00f3gica en la granja;<\/li>\n<li>Plataformas de insecticultores;<\/li>\n<\/ol>\n<\/li>\n<\/ul>\n\n\t\t<\/div>\n\t<\/div>\n<\/div><\/div><\/div><\/div><div class=\"vc_row wpb_row vc_row-fluid\"><div class=\"wpb_column vc_column_container vc_col-sm-12\"><div class=\"vc_column-inner\"><div class=\"wpb_wrapper\"><\/div><\/div><\/div><\/div>\n<\/div>","protected":false},"excerpt":{"rendered":"<p>With these manuals we aim for you to be able to manage your insect farm and manage to maintain and reproduce populations of Tenebrios or Crickets in a constant and efficient way.<\/p>\n<p>ISBN:978-84-09-12698-9<\/p>","protected":false},"featured_media":5380,"template":"","meta":{"_acf_changed":false,"inline_featured_image":false},"product_cat":[26],"product_tag":[],"class_list":{"0":"post-5357","1":"product","2":"type-product","3":"status-publish","4":"has-post-thumbnail","6":"product_cat-manuales","8":"first","9":"instock","10":"downloadable","11":"sold-individually","12":"shipping-taxable","13":"purchasable","14":"product-type-simple"},"acf":[],"yoast_head":"<!-- This site is optimized with the Yoast SEO plugin v23.6 - https:\/\/yoast.com\/wordpress\/plugins\/seo\/ -->\n<title>Manual de cr\u00eda y reproducci\u00f3n de Tenebrio Molitor \u226b Proteinsecta<\/title>\n<meta name=\"description\" content=\"Manual de cr\u00eda y reproducci\u00f3n del Tenebrio Molitor \u2705 Todo lo que puedes necesitar para criar con \u00e9xito el Gusano de la Harina o Tenebrio Molitor \u2705\" \/>\n<meta name=\"robots\" content=\"noindex, follow\" \/>\n<meta property=\"og:locale\" content=\"en_US\" \/>\n<meta property=\"og:type\" content=\"article\" \/>\n<meta property=\"og:title\" content=\"Manual de cr\u00eda y reproducci\u00f3n de Tenebrio Molitor \u226b Proteinsecta\" \/>\n<meta property=\"og:description\" content=\"Manual de cr\u00eda y reproducci\u00f3n del Tenebrio Molitor \u2705 Todo lo que puedes necesitar para criar con \u00e9xito el Gusano de la Harina o Tenebrio Molitor \u2705\" \/>\n<meta property=\"og:url\" content=\"https:\/\/www.proteinsecta.com\/en\/product\/manual-de-cria-y-reproduccion-de-tenebrio-molitor\/\" \/>\n<meta property=\"og:site_name\" content=\"Proteinsecta\" \/>\n<meta property=\"article:publisher\" content=\"https:\/\/es-es.facebook.com\/proteinsecta\/\" \/>\n<meta property=\"article:modified_time\" content=\"2025-06-11T12:00:05+00:00\" \/>\n<meta property=\"og:image\" content=\"https:\/\/www.proteinsecta.com\/wp-content\/uploads\/2023\/08\/manual-tenebrio-1.jpg\" \/>\n\t<meta property=\"og:image:width\" content=\"824\" \/>\n\t<meta property=\"og:image:height\" content=\"824\" \/>\n\t<meta property=\"og:image:type\" content=\"image\/jpeg\" \/>\n<meta name=\"twitter:card\" content=\"summary_large_image\" \/>\n<meta name=\"twitter:label1\" content=\"Est. reading time\" \/>\n\t<meta name=\"twitter:data1\" content=\"1 minute\" \/>\n<script type=\"application\/ld+json\" class=\"yoast-schema-graph\">{\"@context\":\"https:\/\/schema.org\",\"@graph\":[{\"@type\":\"WebPage\",\"@id\":\"https:\/\/www.proteinsecta.com\/producto\/manual-de-cria-y-reproduccion-de-tenebrio-molitor\/\",\"url\":\"https:\/\/www.proteinsecta.com\/producto\/manual-de-cria-y-reproduccion-de-tenebrio-molitor\/\",\"name\":\"Manual de cr\u00eda y reproducci\u00f3n de Tenebrio Molitor \u226b Proteinsecta\",\"isPartOf\":{\"@id\":\"https:\/\/www.proteinsecta.com\/#website\"},\"primaryImageOfPage\":{\"@id\":\"https:\/\/www.proteinsecta.com\/producto\/manual-de-cria-y-reproduccion-de-tenebrio-molitor\/#primaryimage\"},\"image\":{\"@id\":\"https:\/\/www.proteinsecta.com\/producto\/manual-de-cria-y-reproduccion-de-tenebrio-molitor\/#primaryimage\"},\"thumbnailUrl\":\"https:\/\/www.proteinsecta.com\/wp-content\/uploads\/2023\/08\/manual-tenebrio-1.jpg\",\"datePublished\":\"2020-04-06T12:08:57+00:00\",\"dateModified\":\"2025-06-11T12:00:05+00:00\",\"description\":\"Manual de cr\u00eda y reproducci\u00f3n del Tenebrio Molitor \u2705 Todo lo que puedes necesitar para criar con \u00e9xito el Gusano de la Harina o Tenebrio Molitor \u2705\",\"breadcrumb\":{\"@id\":\"https:\/\/www.proteinsecta.com\/producto\/manual-de-cria-y-reproduccion-de-tenebrio-molitor\/#breadcrumb\"},\"inLanguage\":\"en-US\",\"potentialAction\":[{\"@type\":\"ReadAction\",\"target\":[\"https:\/\/www.proteinsecta.com\/producto\/manual-de-cria-y-reproduccion-de-tenebrio-molitor\/\"]}]},{\"@type\":\"ImageObject\",\"inLanguage\":\"en-US\",\"@id\":\"https:\/\/www.proteinsecta.com\/producto\/manual-de-cria-y-reproduccion-de-tenebrio-molitor\/#primaryimage\",\"url\":\"https:\/\/www.proteinsecta.com\/wp-content\/uploads\/2023\/08\/manual-tenebrio-1.jpg\",\"contentUrl\":\"https:\/\/www.proteinsecta.com\/wp-content\/uploads\/2023\/08\/manual-tenebrio-1.jpg\",\"width\":824,\"height\":824},{\"@type\":\"BreadcrumbList\",\"@id\":\"https:\/\/www.proteinsecta.com\/producto\/manual-de-cria-y-reproduccion-de-tenebrio-molitor\/#breadcrumb\",\"itemListElement\":[{\"@type\":\"ListItem\",\"position\":1,\"name\":\"Portada\",\"item\":\"https:\/\/www.proteinsecta.com\/\"},{\"@type\":\"ListItem\",\"position\":2,\"name\":\"Productos\",\"item\":\"https:\/\/www.proteinsecta.com\/shop\/\"},{\"@type\":\"ListItem\",\"position\":3,\"name\":\"Manual de cr\u00eda y reproducci\u00f3n de Tenebrio Molitor\"}]},{\"@type\":\"WebSite\",\"@id\":\"https:\/\/www.proteinsecta.com\/#website\",\"url\":\"https:\/\/www.proteinsecta.com\/\",\"name\":\"Proteinsecta\",\"description\":\"Expertos en granjas de insectos\",\"publisher\":{\"@id\":\"https:\/\/www.proteinsecta.com\/#organization\"},\"alternateName\":\"Proteinsecta\",\"potentialAction\":[{\"@type\":\"SearchAction\",\"target\":{\"@type\":\"EntryPoint\",\"urlTemplate\":\"https:\/\/www.proteinsecta.com\/?s={search_term_string}\"},\"query-input\":{\"@type\":\"PropertyValueSpecification\",\"valueRequired\":true,\"valueName\":\"search_term_string\"}}],\"inLanguage\":\"en-US\"},{\"@type\":\"Organization\",\"@id\":\"https:\/\/www.proteinsecta.com\/#organization\",\"name\":\"Proteinsecta\",\"url\":\"https:\/\/www.proteinsecta.com\/\",\"logo\":{\"@type\":\"ImageObject\",\"inLanguage\":\"en-US\",\"@id\":\"https:\/\/www.proteinsecta.com\/#\/schema\/logo\/image\/\",\"url\":\"https:\/\/www.proteinsecta.com\/wp-content\/uploads\/2023\/08\/Proteinsecta-Logo-y-Marca-Azul.svg\",\"contentUrl\":\"https:\/\/www.proteinsecta.com\/wp-content\/uploads\/2023\/08\/Proteinsecta-Logo-y-Marca-Azul.svg\",\"width\":\"1024\",\"height\":\"1024\",\"caption\":\"Proteinsecta\"},\"image\":{\"@id\":\"https:\/\/www.proteinsecta.com\/#\/schema\/logo\/image\/\"},\"sameAs\":[\"https:\/\/es-es.facebook.com\/proteinsecta\/\",\"https:\/\/www.instagram.com\/proteinsecta_oficial\",\"https:\/\/es.linkedin.com\/company\/proteinsecta\"]}]}<\/script>\n<!-- \/ Yoast SEO plugin. -->","yoast_head_json":{"title":"Manual de cr\u00eda y reproducci\u00f3n de Tenebrio Molitor \u226b Proteinsecta","description":"Manual de cr\u00eda y reproducci\u00f3n del Tenebrio Molitor \u2705 Todo lo que puedes necesitar para criar con \u00e9xito el Gusano de la Harina o Tenebrio Molitor \u2705","robots":{"index":"noindex","follow":"follow"},"og_locale":"en_US","og_type":"article","og_title":"Manual de cr\u00eda y reproducci\u00f3n de Tenebrio Molitor \u226b Proteinsecta","og_description":"Manual de cr\u00eda y reproducci\u00f3n del Tenebrio Molitor \u2705 Todo lo que puedes necesitar para criar con \u00e9xito el Gusano de la Harina o Tenebrio Molitor \u2705","og_url":"https:\/\/www.proteinsecta.com\/en\/product\/manual-de-cria-y-reproduccion-de-tenebrio-molitor\/","og_site_name":"Proteinsecta","article_publisher":"https:\/\/es-es.facebook.com\/proteinsecta\/","article_modified_time":"2025-06-11T12:00:05+00:00","og_image":[{"width":824,"height":824,"url":"https:\/\/www.proteinsecta.com\/wp-content\/uploads\/2023\/08\/manual-tenebrio-1.jpg","type":"image\/jpeg"}],"twitter_card":"summary_large_image","twitter_misc":{"Est. reading time":"1 minute"},"schema":{"@context":"https:\/\/schema.org","@graph":[{"@type":"WebPage","@id":"https:\/\/www.proteinsecta.com\/producto\/manual-de-cria-y-reproduccion-de-tenebrio-molitor\/","url":"https:\/\/www.proteinsecta.com\/producto\/manual-de-cria-y-reproduccion-de-tenebrio-molitor\/","name":"Manual de cr\u00eda y reproducci\u00f3n de Tenebrio Molitor \u226b Proteinsecta","isPartOf":{"@id":"https:\/\/www.proteinsecta.com\/#website"},"primaryImageOfPage":{"@id":"https:\/\/www.proteinsecta.com\/producto\/manual-de-cria-y-reproduccion-de-tenebrio-molitor\/#primaryimage"},"image":{"@id":"https:\/\/www.proteinsecta.com\/producto\/manual-de-cria-y-reproduccion-de-tenebrio-molitor\/#primaryimage"},"thumbnailUrl":"https:\/\/www.proteinsecta.com\/wp-content\/uploads\/2023\/08\/manual-tenebrio-1.jpg","datePublished":"2020-04-06T12:08:57+00:00","dateModified":"2025-06-11T12:00:05+00:00","description":"Manual de cr\u00eda y reproducci\u00f3n del Tenebrio Molitor \u2705 Todo lo que puedes necesitar para criar con \u00e9xito el Gusano de la Harina o Tenebrio Molitor \u2705","breadcrumb":{"@id":"https:\/\/www.proteinsecta.com\/producto\/manual-de-cria-y-reproduccion-de-tenebrio-molitor\/#breadcrumb"},"inLanguage":"en-US","potentialAction":[{"@type":"ReadAction","target":["https:\/\/www.proteinsecta.com\/producto\/manual-de-cria-y-reproduccion-de-tenebrio-molitor\/"]}]},{"@type":"ImageObject","inLanguage":"en-US","@id":"https:\/\/www.proteinsecta.com\/producto\/manual-de-cria-y-reproduccion-de-tenebrio-molitor\/#primaryimage","url":"https:\/\/www.proteinsecta.com\/wp-content\/uploads\/2023\/08\/manual-tenebrio-1.jpg","contentUrl":"https:\/\/www.proteinsecta.com\/wp-content\/uploads\/2023\/08\/manual-tenebrio-1.jpg","width":824,"height":824},{"@type":"BreadcrumbList","@id":"https:\/\/www.proteinsecta.com\/producto\/manual-de-cria-y-reproduccion-de-tenebrio-molitor\/#breadcrumb","itemListElement":[{"@type":"ListItem","position":1,"name":"Portada","item":"https:\/\/www.proteinsecta.com\/"},{"@type":"ListItem","position":2,"name":"Productos","item":"https:\/\/www.proteinsecta.com\/shop\/"},{"@type":"ListItem","position":3,"name":"Manual de cr\u00eda y reproducci\u00f3n de Tenebrio Molitor"}]},{"@type":"WebSite","@id":"https:\/\/www.proteinsecta.com\/#website","url":"https:\/\/www.proteinsecta.com\/","name":"Proteinsecta","description":"Expertos en granjas de insectos","publisher":{"@id":"https:\/\/www.proteinsecta.com\/#organization"},"alternateName":"Proteinsecta","potentialAction":[{"@type":"SearchAction","target":{"@type":"EntryPoint","urlTemplate":"https:\/\/www.proteinsecta.com\/?s={search_term_string}"},"query-input":{"@type":"PropertyValueSpecification","valueRequired":true,"valueName":"search_term_string"}}],"inLanguage":"en-US"},{"@type":"Organization","@id":"https:\/\/www.proteinsecta.com\/#organization","name":"Proteinsecta","url":"https:\/\/www.proteinsecta.com\/","logo":{"@type":"ImageObject","inLanguage":"en-US","@id":"https:\/\/www.proteinsecta.com\/#\/schema\/logo\/image\/","url":"https:\/\/www.proteinsecta.com\/wp-content\/uploads\/2023\/08\/Proteinsecta-Logo-y-Marca-Azul.svg","contentUrl":"https:\/\/www.proteinsecta.com\/wp-content\/uploads\/2023\/08\/Proteinsecta-Logo-y-Marca-Azul.svg","width":"1024","height":"1024","caption":"Proteinsecta"},"image":{"@id":"https:\/\/www.proteinsecta.com\/#\/schema\/logo\/image\/"},"sameAs":["https:\/\/es-es.facebook.com\/proteinsecta\/","https:\/\/www.instagram.com\/proteinsecta_oficial","https:\/\/es.linkedin.com\/company\/proteinsecta"]}]}},"_links":{"self":[{"href":"https:\/\/www.proteinsecta.com\/en\/wp-json\/wp\/v2\/product\/5357"}],"collection":[{"href":"https:\/\/www.proteinsecta.com\/en\/wp-json\/wp\/v2\/product"}],"about":[{"href":"https:\/\/www.proteinsecta.com\/en\/wp-json\/wp\/v2\/types\/product"}],"wp:featuredmedia":[{"embeddable":true,"href":"https:\/\/www.proteinsecta.com\/en\/wp-json\/wp\/v2\/media\/5380"}],"wp:attachment":[{"href":"https:\/\/www.proteinsecta.com\/en\/wp-json\/wp\/v2\/media?parent=5357"}],"wp:term":[{"taxonomy":"product_cat","embeddable":true,"href":"https:\/\/www.proteinsecta.com\/en\/wp-json\/wp\/v2\/product_cat?post=5357"},{"taxonomy":"product_tag","embeddable":true,"href":"https:\/\/www.proteinsecta.com\/en\/wp-json\/wp\/v2\/product_tag?post=5357"}],"curies":[{"name":"wp","href":"https:\/\/api.w.org\/{rel}","templated":true}]}}