{"id":19,"date":"2023-10-10T08:38:21","date_gmt":"2023-10-10T06:38:21","guid":{"rendered":"http:\/\/proteinsecta.com\/lp-term-conditions\/"},"modified":"2024-11-04T10:05:10","modified_gmt":"2024-11-04T09:05:10","slug":"terminos-condiciones","status":"publish","type":"page","link":"https:\/\/www.proteinsecta.com\/en\/terminos-condiciones\/","title":{"rendered":"Terms and Conditions"},"content":{"rendered":"<div class=\"wpb-content-wrapper\"><div class=\"vc_row wpb_row vc_row-fluid\"><div class=\"wpb_column vc_column_container vc_col-sm-12\"><div class=\"vc_column-inner\"><div class=\"wpb_wrapper\">\n\t<div class=\"wpb_text_column wpb_content_element vc_custom_1696920437834\" >\n\t\t<div class=\"wpb_wrapper\">\n\t\t\t<h1>Terms and Conditions<\/h1>\n\n\t\t<\/div>\n\t<\/div>\n<\/div><\/div><\/div><\/div><div class=\"vc_row wpb_row vc_row-fluid\"><div class=\"wpb_column vc_column_container vc_col-sm-12\"><div class=\"vc_column-inner\"><div class=\"wpb_wrapper\">\n\t<div class=\"wpb_text_column wpb_content_element vc_custom_1696920482195\" >\n\t\t<div class=\"wpb_wrapper\">\n\t\t\t<h2>General contract conditions<\/h2>\n<div id=\"gtx-trans\" style=\"position: absolute; left: -15px; top: -0.5625px;\">\n<div class=\"gtx-trans-icon\"><\/div>\n<\/div>\n\n\t\t<\/div>\n\t<\/div>\n<\/div><\/div><\/div><\/div><div class=\"vc_row wpb_row vc_row-fluid\"><div class=\"wpb_column vc_column_container vc_col-sm-12\"><div class=\"vc_column-inner\"><div class=\"wpb_wrapper\">\n\t<div class=\"wpb_text_column wpb_content_element\" >\n\t\t<div class=\"wpb_wrapper\">\n\t\t\t<h3>How to buy?<\/h3>\n<p>You can place your orders in the following ways:<\/p>\n<p>\u2013 through our online store;<\/p>\n<p class=\" translation-block\">\u2013 or by email to info@proteinsecta.com indicating your name, the address where you want to receive your order, your telephone number, the payment method you prefer and the products you have chosen.<br>\nShipping<\/p>\n<p>Orders received from Monday to Thursday from 08:00 to 12:00 will be shipped, if possible, the same day. If the order is received on Thursday after 12:00, it goes to Monday of the following week.<\/p>\n<p>Shipping is free over \u20ac50 in the Iberian Peninsula.<\/p>\n<p>We cannot be responsible for packages that have been delivered in the buyer's absence. As these are live animals, if you think you are not going to be at the delivery address, it is preferable that you pick it up at the carrier's office. In general, this is usually the best option to avoid excess cold or heat, direct sun, humidity, etc.<\/p>\n<p class=\" translation-block\">If there is a local holiday, please let us know as we will only take national holidays into account when shipping.<br>\nTerms of use<\/p>\n<h3>Intellectual property of the website<\/h3>\n<p>All intellectual property rights of the content of this website and its graphic design are the exclusive property of PROTEINSECTA S.L., and we are responsible for the exclusive exercise of the rights to exploit them.<\/p>\n<p>Therefore, its reproduction, distribution, public communication and transformation, in whole or in part, is prohibited without the express authorization of PROTEINSECTA S.L., all trade names, brands or different signs of any kind contained on this website are protected by law.<\/p>\n<h3>Website content and links<\/h3>\n<p>At PROTEINSECTA S.L. We are not responsible for any misuse of the contents of our website, which is the sole responsibility of the person who accesses or uses them.<\/p>\n<p>We also do not assume any responsibility for the information contained in third-party websites that can be accessed through links or search engines from our website.<\/p>\n<p>Update and modification of the website: PROTEINSECTA S.L. reserves the right to update, modify or delete the information contained on its website, and its configuration or presentation, at any time, without prior notice, and without assuming any responsibility for it.<\/p>\n<h3>Information on technical aspects<\/h3>\n<p>At PROTEINSECTA S.L. We do not assume any responsibility that may arise from technical problems or failures in computer equipment, not attributable to our company, that occur during connection to the Internet network, as well as from damages that could be caused by third parties through illegitimate interference. outside the control of PROTEINSECTA S.L. We are also exonerated from all liability for possible damages or losses that the user may suffer as a result of errors, defects or omissions in the information that we provide when it comes from sources other than us.<\/p>\n<h3>Applicable Law and Jurisdiction<\/h3>\n<p>In general, the relationships with our clients, which arise from the provision of the services contained on our website, are subject to Spanish legislation and jurisdiction.<\/p>\n<p>The users of our website are aware of everything stated and accept it voluntarily.<\/p>\n\n\t\t<\/div>\n\t<\/div>\n\n\t<div class=\"wpb_text_column wpb_content_element\" >\n\t\t<div class=\"wpb_wrapper\">\n\t\t\t<h2>Pol\u00edtica de devoluci\u00f3n\/desestimiento<\/h2>\n<p>A trav\u00e9s del siguiente formulario, al hacer click en el bot\u00f3n &#8220;Enviar&#8221; se enviar\u00e1n sus datos por email a la parte administrativa de Proteinsecta para su an\u00e1lisis y actuaci\u00f3n.<\/p>\n<h3>Proveedor<\/h3>\n<p><strong>PROTEINSECTA S.L. B02606416<\/strong><\/p>\n<p>C\/ Dionisio Guardiola 15<\/p>\n<p>Entreplanta 2, B<\/p>\n<p>02003 &#8211; Albacete<\/p>\n<p>623 100 973<\/p>\n<p>administracion@proteinsecta.com<\/p>\n<p><strong>Re: Derecho de Desistimiento <\/strong><\/p>\n<p>Estimados Sres.:<\/p>\n<p>Por la presente les comunico mi deseo de desistir del contrato de venta que a continuaci\u00f3n relaciono:<\/p>\n\n\t\t<\/div>\n\t<\/div>\n\n<div class=\"wpcf7 no-js\" id=\"wpcf7-f8762-o1\" lang=\"es-ES\" dir=\"ltr\">\n<div class=\"screen-reader-response\"><p role=\"status\" aria-live=\"polite\" aria-atomic=\"true\"><\/p> <ul><\/ul><\/div>\n<form action=\"\/wp-json\/wp\/v2\/pages\/19\" method=\"post\" class=\"wpcf7-form init\" aria-label=\"Formulario de contacto\" novalidate=\"novalidate\" data-status=\"init\" data-trp-original-action=\"\/en\/wp-json\/wp\/v2\/pages\/19#wpcf7-f8762-o1\">\n<div style=\"display: none;\">\n<input type=\"hidden\" name=\"_wpcf7\" value=\"8762\" \/>\n<input type=\"hidden\" name=\"_wpcf7_version\" value=\"5.9.8\" \/>\n<input type=\"hidden\" name=\"_wpcf7_locale\" value=\"es_ES\" \/>\n<input type=\"hidden\" name=\"_wpcf7_unit_tag\" value=\"wpcf7-f8762-o1\" \/>\n<input type=\"hidden\" name=\"_wpcf7_container_post\" value=\"0\" \/>\n<input type=\"hidden\" name=\"_wpcf7_posted_data_hash\" value=\"\" \/>\n<input type=\"hidden\" name=\"_wpcf7cf_hidden_group_fields\" value=\"[]\" \/>\n<input type=\"hidden\" name=\"_wpcf7cf_hidden_groups\" value=\"[]\" \/>\n<input type=\"hidden\" name=\"_wpcf7cf_visible_groups\" value=\"[]\" \/>\n<input type=\"hidden\" name=\"_wpcf7cf_repeaters\" value=\"[]\" \/>\n<input type=\"hidden\" name=\"_wpcf7cf_steps\" value=\"{}\" \/>\n<input type=\"hidden\" name=\"_wpcf7cf_options\" value=\"{&quot;form_id&quot;:8762,&quot;conditions&quot;:[],&quot;settings&quot;:{&quot;animation&quot;:&quot;yes&quot;,&quot;animation_intime&quot;:200,&quot;animation_outtime&quot;:200,&quot;conditions_ui&quot;:&quot;normal&quot;,&quot;notice_dismissed&quot;:false,&quot;notice_dismissed_rollback-cf7-5.8.5&quot;:true,&quot;notice_dismissed_rollback-cf7-5.8.7&quot;:true,&quot;notice_dismissed_rollback-cf7-5.9.2&quot;:true}}\" \/>\n<input type=\"hidden\" name=\"_wpcf7_recaptcha_response\" value=\"\" \/>\n<\/div>\n<div class=\"grid-3-col gap-20\">\n<div class=\"form-group\">\n<label> N\u00ba de Pedido\n    <span class=\"wpcf7-form-control-wrap\" data-name=\"numero_pedido\"><input size=\"40\" maxlength=\"400\" class=\"wpcf7-form-control wpcf7-text wpcf7-validates-as-required\" aria-required=\"true\" aria-invalid=\"false\" value=\"\" type=\"text\" name=\"numero_pedido\" \/><\/span> <\/label>\n<\/div>\n<div class=\"form-group\">\n<label> Fecha de Compra\n    <span class=\"wpcf7-form-control-wrap\" data-name=\"fecha_compra\"><input class=\"wpcf7-form-control wpcf7-date wpcf7-validates-as-required wpcf7-validates-as-date\" aria-required=\"true\" aria-invalid=\"false\" value=\"\" type=\"date\" name=\"fecha_compra\" \/><\/span> <\/label>\n<\/div>\n<div class=\"form-group\">\n<label> Fecha de Pedido\/Recepci\u00f3n\n    <span class=\"wpcf7-form-control-wrap\" data-name=\"fecha_pedido\"><input class=\"wpcf7-form-control wpcf7-date wpcf7-validates-as-required wpcf7-validates-as-date\" aria-required=\"true\" aria-invalid=\"false\" value=\"\" type=\"date\" name=\"fecha_pedido\" \/><\/span> <\/label>\n<\/div>\n<div class=\"form-group\">\n<label> Descripci\u00f3n del producto\n    <span class=\"wpcf7-form-control-wrap\" data-name=\"descripcion_producto\"><input size=\"40\" maxlength=\"400\" class=\"wpcf7-form-control wpcf7-text wpcf7-validates-as-required\" aria-required=\"true\" aria-invalid=\"false\" value=\"\" type=\"text\" name=\"descripcion_producto\" \/><\/span> <\/label>\n<\/div>\n<div class=\"form-group\">\n<label> Nombre y Apellidos\n    <span class=\"wpcf7-form-control-wrap\" data-name=\"nombre_apellidos\"><input size=\"40\" maxlength=\"400\" class=\"wpcf7-form-control wpcf7-text wpcf7-validates-as-required\" aria-required=\"true\" aria-invalid=\"false\" value=\"\" type=\"text\" name=\"nombre_apellidos\" \/><\/span> <\/label>\n<\/div>\n<div class=\"form-group\">\n<label> DNI\n    <span class=\"wpcf7-form-control-wrap\" data-name=\"dni\"><input size=\"40\" maxlength=\"400\" class=\"wpcf7-form-control wpcf7-text wpcf7-validates-as-required\" aria-required=\"true\" aria-invalid=\"false\" value=\"\" type=\"text\" name=\"dni\" \/><\/span> <\/label>\n<\/div>\n<div class=\"form-group\">\n<label> Domicilio\n    <span class=\"wpcf7-form-control-wrap\" data-name=\"domicilio\"><input size=\"40\" maxlength=\"400\" class=\"wpcf7-form-control wpcf7-text wpcf7-validates-as-required\" aria-required=\"true\" aria-invalid=\"false\" value=\"\" type=\"text\" name=\"domicilio\" \/><\/span> <\/label>\n<\/div>\n<div class=\"form-group\">\n<label> Email\n    <span class=\"wpcf7-form-control-wrap\" data-name=\"email\"><input size=\"40\" maxlength=\"400\" class=\"wpcf7-form-control wpcf7-email wpcf7-validates-as-required wpcf7-text wpcf7-validates-as-email\" aria-required=\"true\" aria-invalid=\"false\" value=\"\" type=\"email\" name=\"email\" \/><\/span> <\/label>\n<\/div>\n<div class=\"form-group\">\n<label> Tel\u00e9fono de contacto\n    <span class=\"wpcf7-form-control-wrap\" data-name=\"telefono\"><input size=\"40\" maxlength=\"400\" class=\"wpcf7-form-control wpcf7-text wpcf7-validates-as-required\" aria-required=\"true\" aria-invalid=\"false\" value=\"\" type=\"text\" name=\"telefono\" \/><\/span> <\/label>\n<\/div>\n<\/div>\n<div class=\"grid-1-col\">\n<div class=\"form-group\">\n<label> Motivos del desestimiento(para nuestro control y calidad de servicio). No es obligado.\n    <span class=\"wpcf7-form-control-wrap\" data-name=\"nombre_apellidos\"><textarea cols=\"40\" rows=\"10\" maxlength=\"2000\" class=\"wpcf7-form-control wpcf7-textarea\" aria-invalid=\"false\" name=\"nombre_apellidos\"><\/textarea><\/span> <\/label>\n<\/div>\n<\/div>\n<input class=\"wpcf7-form-control wpcf7-submit has-spinner\" type=\"submit\" value=\"Send\" \/>\n<style>\n.wpcf7-form .form-group label {\n    width: 100%;\n}\n<\/style><div class=\"wpcf7-response-output\" aria-hidden=\"true\"><\/div>\n<input type=\"hidden\" name=\"trp-form-language\" value=\"en\"\/><\/form>\n<\/div>\n\n\t<div class=\"wpb_text_column wpb_content_element\" >\n\t\t<div class=\"wpb_wrapper\">\n\t\t\t<p><strong><u>Informaci\u00f3n sobre el ejercicio del derecho de desistimiento <\/u><\/strong><\/p>\n<p>Tiene usted derecho a desistir del presente contrato en un plazo de 14 d\u00edas naturales sin necesidad de justificaci\u00f3n. El plazo de desistimiento expirar\u00e1 a los 14 d\u00edas naturales desde el d\u00eda de la recepci\u00f3n del pedido.<\/p>\n<p>Para ejercer el derecho de desistimiento, deber\u00e1 usted enviarnos este formulario o una notificaci\u00f3n, indicando su nombre, direcci\u00f3n completa, n\u00famero de tel\u00e9fono y direcci\u00f3n de correo electr\u00f3nico, y su decisi\u00f3n de desistir del contrato a trav\u00e9s de una declaraci\u00f3n inequ\u00edvoca (por ejemplo, una carta enviada por correo postal, fax o correo electr\u00f3nico). Le recordamos que el uso de este formulario no es obligatorio.<\/p>\n<p>Para cumplir el plazo de desistimiento, basta con que la comunicaci\u00f3n relativa al ejercicio por su parte de este derecho sea enviada antes de que venza el plazo correspondiente.<\/p>\n<p>Consecuencias del desistimiento:<\/p>\n<p>En caso de desistimiento por su parte, le devolveremos todos los pagos recibidos de usted, incluidos los gastos de entrega (con excepci\u00f3n de los gastos adicionales resultantes de la elecci\u00f3n por el Cliente de una modalidad de entrega diferente a la ofrecida por el proveedor). Procederemos a efectuar dicho reembolso en el plazo de 14 d\u00edas naturales utilizando el mismo medio de pago empleado por usted para la transacci\u00f3n inicial, pero recuerde que retendremos dicha cantidad hasta haber recibido los bienes.<\/p>\n\n\t\t<\/div>\n\t<\/div>\n<\/div><\/div><\/div><\/div>\n<\/div>","protected":false},"excerpt":{"rendered":"T\u00e9rminos y condiciones Condiciones generales de contrataci\u00f3n \u00bfC\u00f3mo comprar? Puedes hacer tus pedidos de las siguientes maneras: \u2013 a trav\u00e9s de nuestra tienda online; \u2013 o por correo electr\u00f3nico a info@proteinsecta.com indicando tu nombre, la direcci\u00f3n donde quieres recibir tu &hellip;","protected":false},"author":1,"featured_media":0,"parent":0,"menu_order":0,"comment_status":"closed","ping_status":"closed","template":"","meta":{"_acf_changed":false,"inline_featured_image":false,"footnotes":""},"class_list":["post-19","page","type-page","status-publish","hentry"],"acf":[],"yoast_head":"<!-- This site is optimized with the Yoast SEO plugin v23.6 - https:\/\/yoast.com\/wordpress\/plugins\/seo\/ -->\n<title>T\u00e9rminos y condiciones - Proteinsecta<\/title>\n<meta name=\"robots\" content=\"index, follow, max-snippet:-1, max-image-preview:large, max-video-preview:-1\" \/>\n<link rel=\"canonical\" href=\"https:\/\/www.proteinsecta.com\/en\/terminos-condiciones\/\" \/>\n<meta property=\"og:locale\" content=\"en_US\" \/>\n<meta property=\"og:type\" content=\"article\" \/>\n<meta property=\"og:title\" content=\"T\u00e9rminos y condiciones - Proteinsecta\" \/>\n<meta property=\"og:url\" content=\"https:\/\/www.proteinsecta.com\/en\/terminos-condiciones\/\" \/>\n<meta property=\"og:site_name\" content=\"Proteinsecta\" \/>\n<meta property=\"article:publisher\" content=\"https:\/\/es-es.facebook.com\/proteinsecta\/\" \/>\n<meta property=\"article:modified_time\" content=\"2024-11-04T09:05:10+00:00\" \/>\n<meta property=\"og:image\" content=\"https:\/\/www.proteinsecta.com\/wp-content\/uploads\/2023\/08\/Proteinsecta-Logo-y-Marca-Verde-512px.png\" \/>\n\t<meta property=\"og:image:width\" content=\"665\" \/>\n\t<meta property=\"og:image:height\" content=\"512\" \/>\n\t<meta property=\"og:image:type\" content=\"image\/png\" \/>\n<meta name=\"twitter:card\" content=\"summary_large_image\" \/>\n<meta name=\"twitter:label1\" content=\"Est. reading time\" \/>\n\t<meta name=\"twitter:data1\" content=\"4 minutes\" \/>\n<script type=\"application\/ld+json\" class=\"yoast-schema-graph\">{\"@context\":\"https:\/\/schema.org\",\"@graph\":[{\"@type\":\"WebPage\",\"@id\":\"https:\/\/www.proteinsecta.com\/terminos-condiciones\/\",\"url\":\"https:\/\/www.proteinsecta.com\/terminos-condiciones\/\",\"name\":\"T\u00e9rminos y condiciones - Proteinsecta\",\"isPartOf\":{\"@id\":\"https:\/\/www.proteinsecta.com\/#website\"},\"datePublished\":\"2023-10-10T06:38:21+00:00\",\"dateModified\":\"2024-11-04T09:05:10+00:00\",\"breadcrumb\":{\"@id\":\"https:\/\/www.proteinsecta.com\/terminos-condiciones\/#breadcrumb\"},\"inLanguage\":\"en-US\",\"potentialAction\":[{\"@type\":\"ReadAction\",\"target\":[\"https:\/\/www.proteinsecta.com\/terminos-condiciones\/\"]}]},{\"@type\":\"BreadcrumbList\",\"@id\":\"https:\/\/www.proteinsecta.com\/terminos-condiciones\/#breadcrumb\",\"itemListElement\":[{\"@type\":\"ListItem\",\"position\":1,\"name\":\"Portada\",\"item\":\"https:\/\/www.proteinsecta.com\/\"},{\"@type\":\"ListItem\",\"position\":2,\"name\":\"T\u00e9rminos y condiciones\"}]},{\"@type\":\"WebSite\",\"@id\":\"https:\/\/www.proteinsecta.com\/#website\",\"url\":\"https:\/\/www.proteinsecta.com\/\",\"name\":\"Proteinsecta\",\"description\":\"Expertos en granjas de insectos\",\"publisher\":{\"@id\":\"https:\/\/www.proteinsecta.com\/#organization\"},\"alternateName\":\"Proteinsecta\",\"potentialAction\":[{\"@type\":\"SearchAction\",\"target\":{\"@type\":\"EntryPoint\",\"urlTemplate\":\"https:\/\/www.proteinsecta.com\/?s={search_term_string}\"},\"query-input\":{\"@type\":\"PropertyValueSpecification\",\"valueRequired\":true,\"valueName\":\"search_term_string\"}}],\"inLanguage\":\"en-US\"},{\"@type\":\"Organization\",\"@id\":\"https:\/\/www.proteinsecta.com\/#organization\",\"name\":\"Proteinsecta\",\"url\":\"https:\/\/www.proteinsecta.com\/\",\"logo\":{\"@type\":\"ImageObject\",\"inLanguage\":\"en-US\",\"@id\":\"https:\/\/www.proteinsecta.com\/#\/schema\/logo\/image\/\",\"url\":\"https:\/\/www.proteinsecta.com\/wp-content\/uploads\/2023\/08\/Proteinsecta-Logo-y-Marca-Azul.svg\",\"contentUrl\":\"https:\/\/www.proteinsecta.com\/wp-content\/uploads\/2023\/08\/Proteinsecta-Logo-y-Marca-Azul.svg\",\"width\":\"1024\",\"height\":\"1024\",\"caption\":\"Proteinsecta\"},\"image\":{\"@id\":\"https:\/\/www.proteinsecta.com\/#\/schema\/logo\/image\/\"},\"sameAs\":[\"https:\/\/es-es.facebook.com\/proteinsecta\/\",\"https:\/\/www.instagram.com\/proteinsecta_oficial\",\"https:\/\/es.linkedin.com\/company\/proteinsecta\"]}]}<\/script>\n<!-- \/ Yoast SEO plugin. -->","yoast_head_json":{"title":"T\u00e9rminos y condiciones - Proteinsecta","robots":{"index":"index","follow":"follow","max-snippet":"max-snippet:-1","max-image-preview":"max-image-preview:large","max-video-preview":"max-video-preview:-1"},"canonical":"https:\/\/www.proteinsecta.com\/en\/terminos-condiciones\/","og_locale":"en_US","og_type":"article","og_title":"T\u00e9rminos y condiciones - Proteinsecta","og_url":"https:\/\/www.proteinsecta.com\/en\/terminos-condiciones\/","og_site_name":"Proteinsecta","article_publisher":"https:\/\/es-es.facebook.com\/proteinsecta\/","article_modified_time":"2024-11-04T09:05:10+00:00","og_image":[{"width":665,"height":512,"url":"https:\/\/www.proteinsecta.com\/wp-content\/uploads\/2023\/08\/Proteinsecta-Logo-y-Marca-Verde-512px.png","type":"image\/png"}],"twitter_card":"summary_large_image","twitter_misc":{"Est. reading time":"4 minutes"},"schema":{"@context":"https:\/\/schema.org","@graph":[{"@type":"WebPage","@id":"https:\/\/www.proteinsecta.com\/terminos-condiciones\/","url":"https:\/\/www.proteinsecta.com\/terminos-condiciones\/","name":"T\u00e9rminos y condiciones - Proteinsecta","isPartOf":{"@id":"https:\/\/www.proteinsecta.com\/#website"},"datePublished":"2023-10-10T06:38:21+00:00","dateModified":"2024-11-04T09:05:10+00:00","breadcrumb":{"@id":"https:\/\/www.proteinsecta.com\/terminos-condiciones\/#breadcrumb"},"inLanguage":"en-US","potentialAction":[{"@type":"ReadAction","target":["https:\/\/www.proteinsecta.com\/terminos-condiciones\/"]}]},{"@type":"BreadcrumbList","@id":"https:\/\/www.proteinsecta.com\/terminos-condiciones\/#breadcrumb","itemListElement":[{"@type":"ListItem","position":1,"name":"Portada","item":"https:\/\/www.proteinsecta.com\/"},{"@type":"ListItem","position":2,"name":"T\u00e9rminos y condiciones"}]},{"@type":"WebSite","@id":"https:\/\/www.proteinsecta.com\/#website","url":"https:\/\/www.proteinsecta.com\/","name":"Proteinsecta","description":"Expertos en granjas de insectos","publisher":{"@id":"https:\/\/www.proteinsecta.com\/#organization"},"alternateName":"Proteinsecta","potentialAction":[{"@type":"SearchAction","target":{"@type":"EntryPoint","urlTemplate":"https:\/\/www.proteinsecta.com\/?s={search_term_string}"},"query-input":{"@type":"PropertyValueSpecification","valueRequired":true,"valueName":"search_term_string"}}],"inLanguage":"en-US"},{"@type":"Organization","@id":"https:\/\/www.proteinsecta.com\/#organization","name":"Proteinsecta","url":"https:\/\/www.proteinsecta.com\/","logo":{"@type":"ImageObject","inLanguage":"en-US","@id":"https:\/\/www.proteinsecta.com\/#\/schema\/logo\/image\/","url":"https:\/\/www.proteinsecta.com\/wp-content\/uploads\/2023\/08\/Proteinsecta-Logo-y-Marca-Azul.svg","contentUrl":"https:\/\/www.proteinsecta.com\/wp-content\/uploads\/2023\/08\/Proteinsecta-Logo-y-Marca-Azul.svg","width":"1024","height":"1024","caption":"Proteinsecta"},"image":{"@id":"https:\/\/www.proteinsecta.com\/#\/schema\/logo\/image\/"},"sameAs":["https:\/\/es-es.facebook.com\/proteinsecta\/","https:\/\/www.instagram.com\/proteinsecta_oficial","https:\/\/es.linkedin.com\/company\/proteinsecta"]}]}},"_links":{"self":[{"href":"https:\/\/www.proteinsecta.com\/en\/wp-json\/wp\/v2\/pages\/19"}],"collection":[{"href":"https:\/\/www.proteinsecta.com\/en\/wp-json\/wp\/v2\/pages"}],"about":[{"href":"https:\/\/www.proteinsecta.com\/en\/wp-json\/wp\/v2\/types\/page"}],"author":[{"embeddable":true,"href":"https:\/\/www.proteinsecta.com\/en\/wp-json\/wp\/v2\/users\/1"}],"replies":[{"embeddable":true,"href":"https:\/\/www.proteinsecta.com\/en\/wp-json\/wp\/v2\/comments?post=19"}],"version-history":[{"count":6,"href":"https:\/\/www.proteinsecta.com\/en\/wp-json\/wp\/v2\/pages\/19\/revisions"}],"predecessor-version":[{"id":8909,"href":"https:\/\/www.proteinsecta.com\/en\/wp-json\/wp\/v2\/pages\/19\/revisions\/8909"}],"wp:attachment":[{"href":"https:\/\/www.proteinsecta.com\/en\/wp-json\/wp\/v2\/media?parent=19"}],"curies":[{"name":"wp","href":"https:\/\/api.w.org\/{rel}","templated":true}]}}